{"id":18,"date":"2025-06-11T05:23:25","date_gmt":"2025-06-11T05:23:25","guid":{"rendered":"https:\/\/thebitcoinsynergy.de\/?page_id=18"},"modified":"2025-06-16T09:29:34","modified_gmt":"2025-06-16T09:29:34","slug":"politica-de-privacidad","status":"publish","type":"page","link":"https:\/\/thebitcoinsynergy.de\/es\/datenschutzrichtlinie\/","title":{"rendered":"pol\u00edtica de privacidad"},"content":{"rendered":"\t\t<div data-elementor-type=\"wp-page\" data-elementor-id=\"18\" class=\"elementor elementor-18\" data-elementor-post-type=\"page\">\n\t\t\t\t<div class=\"elementor-element elementor-element-5b93aa4 e-flex e-con-boxed e-con e-parent\" data-id=\"5b93aa4\" data-element_type=\"container\" data-e-type=\"container\" data-settings=\"{&quot;background_background&quot;:&quot;classic&quot;}\">\n\t\t\t\t\t<div class=\"e-con-inner\">\n\t\t\t\t<div class=\"elementor-element elementor-element-e65b14f elementor-widget elementor-widget-heading\" data-id=\"e65b14f\" data-element_type=\"widget\" data-e-type=\"widget\" data-widget_type=\"heading.default\">\n\t\t\t\t<div class=\"elementor-widget-container\">\n\t\t\t\t\t<h1 class=\"elementor-heading-title elementor-size-default\">Datenschutzrichtlinie<\/h1>\t\t\t\t<\/div>\n\t\t\t\t<\/div>\n\t\t\t\t<div class=\"elementor-element elementor-element-3b5e250 elementor-icon-list--layout-inline elementor-list-item-link-full_width elementor-widget elementor-widget-icon-list\" data-id=\"3b5e250\" data-element_type=\"widget\" data-e-type=\"widget\" data-widget_type=\"icon-list.default\">\n\t\t\t\t<div class=\"elementor-widget-container\">\n\t\t\t\t\t\t\t<ul class=\"elementor-icon-list-items elementor-inline-items\">\n\t\t\t\t\t\t\t<li class=\"elementor-icon-list-item elementor-inline-item\">\n\t\t\t\t\t\t\t\t\t\t\t<a href=\"https:\/\/thebitcoinsynergy.de\/\">\n\n\t\t\t\t\t\t\t\t\t\t\t\t<span class=\"elementor-icon-list-icon\">\n\t\t\t\t\t\t\t<svg aria-hidden=\"true\" class=\"e-font-icon-svg e-fas-circle\" viewBox=\"0 0 512 512\" xmlns=\"http:\/\/www.w3.org\/2000\/svg\"><path d=\"M256 8C119 8 8 119 8 256s111 248 248 248 248-111 248-248S393 8 256 8z\"><\/path><\/svg>\t\t\t\t\t\t<\/span>\n\t\t\t\t\t\t\t\t\t\t<span class=\"elementor-icon-list-text\">Heim<\/span>\n\t\t\t\t\t\t\t\t\t\t\t<\/a>\n\t\t\t\t\t\t\t\t\t<\/li>\n\t\t\t\t\t\t\t\t<li class=\"elementor-icon-list-item elementor-inline-item\">\n\t\t\t\t\t\t\t\t\t\t\t<span class=\"elementor-icon-list-icon\">\n\t\t\t\t\t\t\t<svg aria-hidden=\"true\" class=\"e-font-icon-svg e-fas-circle\" viewBox=\"0 0 512 512\" xmlns=\"http:\/\/www.w3.org\/2000\/svg\"><path d=\"M256 8C119 8 8 119 8 256s111 248 248 248 248-111 248-248S393 8 256 8z\"><\/path><\/svg>\t\t\t\t\t\t<\/span>\n\t\t\t\t\t\t\t\t\t\t<span class=\"elementor-icon-list-text\">Datenschutzrichtlinie<\/span>\n\t\t\t\t\t\t\t\t\t<\/li>\n\t\t\t\t\t\t<\/ul>\n\t\t\t\t\t\t<\/div>\n\t\t\t\t<\/div>\n\t\t\t\t\t<\/div>\n\t\t\t\t<\/div>\n\t\t<div class=\"elementor-element elementor-element-fb36258 e-flex e-con-boxed e-con e-parent\" data-id=\"fb36258\" data-element_type=\"container\" data-e-type=\"container\">\n\t\t\t\t\t<div class=\"e-con-inner\">\n\t\t\t\t<div class=\"elementor-element elementor-element-bc0a8eb elementor-widget elementor-widget-heading\" data-id=\"bc0a8eb\" data-element_type=\"widget\" data-e-type=\"widget\" data-widget_type=\"heading.default\">\n\t\t\t\t<div class=\"elementor-widget-container\">\n\t\t\t\t\t<h2 class=\"elementor-heading-title elementor-size-default\">Zweck der Mitteilung<\/h2>\t\t\t\t<\/div>\n\t\t\t\t<\/div>\n\t\t\t\t<div class=\"elementor-element elementor-element-402895b elementor-widget elementor-widget-text-editor\" data-id=\"402895b\" data-element_type=\"widget\" data-e-type=\"widget\" data-widget_type=\"text-editor.default\">\n\t\t\t\t<div class=\"elementor-widget-container\">\n\t\t\t\t\t\t\t\t\t<p>Der Zweck dieser Datenschutzerkl\u00e4rung (\u201eErkl\u00e4rung\u201c) besteht darin, Sie dar\u00fcber zu informieren, wie Bitcoin Synergy (\u201eBitcoin Synergy\u201c, \u201ewir\u201c oder \u201euns\u201c) als Verantwortlicher mit Ihren personenbezogenen Daten umgeht und diese verarbeitet. Dies gilt f\u00fcr die Informationen, die Sie beim Zugriff auf unsere Website <a href=\"https:\/\/thebitcoinsynergy.de\/\">https:\/\/thebitcoinsynergy.de\/<\/a> (die \u201eWebsite\u201c) angeben, sowie f\u00fcr alle Daten, die wir von Dritten erhalten, um Sie mit relevanten Fachleuten oder Dienstleistungen zu verbinden, die f\u00fcr Sie von Interesse sein k\u00f6nnten.<\/p>\t\t\t\t\t\t\t\t<\/div>\n\t\t\t\t<\/div>\n\t\t\t\t<div class=\"elementor-element elementor-element-6b56bd7 elementor-widget elementor-widget-heading\" data-id=\"6b56bd7\" data-element_type=\"widget\" data-e-type=\"widget\" data-widget_type=\"heading.default\">\n\t\t\t\t<div class=\"elementor-widget-container\">\n\t\t\t\t\t<h2 class=\"elementor-heading-title elementor-size-default\">Von uns erfasste Informationen<\/h2>\t\t\t\t<\/div>\n\t\t\t\t<\/div>\n\t\t\t\t<div class=\"elementor-element elementor-element-e49d2ae elementor-widget elementor-widget-text-editor\" data-id=\"e49d2ae\" data-element_type=\"widget\" data-e-type=\"widget\" data-widget_type=\"text-editor.default\">\n\t\t\t\t<div class=\"elementor-widget-container\">\n\t\t\t\t\t\t\t\t\t<p>Die von uns von Ihnen angeforderten personenbezogenen Daten sowie deren Zweck werden Ihnen bei der Anfrage stets klar erl\u00e4utert. Wenn Sie uns direkt kontaktieren, erfassen wir m\u00f6glicherweise zus\u00e4tzliche Daten wie Ihren Namen, Ihre E-Mail-Adresse, Ihre Telefonnummer, den Inhalt Ihrer Nachricht, Ihre Anh\u00e4nge und alle weiteren Informationen, die Sie uns mitteilen m\u00f6chten. Wenn Sie ein Konto bei Bitcoin Synergy erstellen, ben\u00f6tigen wir m\u00f6glicherweise auch Ihre Kontaktdaten \u2013 dazu geh\u00f6ren Ihr Name, Ihr Firmenname, Ihre Adresse, Ihre E-Mail-Adresse und Ihre Telefonnummer \u2013, um Ihre Erfahrung auf unserer Plattform zu personalisieren und zu unterst\u00fctzen.<\/p>\t\t\t\t\t\t\t\t<\/div>\n\t\t\t\t<\/div>\n\t\t\t\t<div class=\"elementor-element elementor-element-2314a3a elementor-widget elementor-widget-heading\" data-id=\"2314a3a\" data-element_type=\"widget\" data-e-type=\"widget\" data-widget_type=\"heading.default\">\n\t\t\t\t<div class=\"elementor-widget-container\">\n\t\t\t\t\t<h2 class=\"elementor-heading-title elementor-size-default\">Wie werden Ihre Daten erhoben?<\/h2>\t\t\t\t<\/div>\n\t\t\t\t<\/div>\n\t\t\t\t<div class=\"elementor-element elementor-element-7298dc5 elementor-widget elementor-widget-text-editor\" data-id=\"7298dc5\" data-element_type=\"widget\" data-e-type=\"widget\" data-widget_type=\"text-editor.default\">\n\t\t\t\t<div class=\"elementor-widget-container\">\n\t\t\t\t\t\t\t\t\t<ul><li>Direkt von Ihnen, wenn Sie Ihre Identifikationsdaten auf unserer Website angeben; und\/oder<\/li><li>Indirekt:<ul><li>wenn wir Identifikationsdaten \u00fcber Sie von Dritten erhalten,<br \/>wenn wir durch die Verwendung von Cookies oder \u00e4hnlichen Technologien (wie in der Cookie-Richtlinie definiert) Daten im Zusammenhang mit Ihrem Surfverhalten auf unserer Website erfassen.<\/li><\/ul><\/li><\/ul><p>Sie sind nicht verpflichtet, uns Ihre personenbezogenen Daten mitzuteilen. Wenn Sie uns Ihre personenbezogenen Daten nicht mitteilen, k\u00f6nnen wir Sie jedoch nicht mit Fachleuten in Kontakt bringen, die f\u00fcr Sie von Interesse sein k\u00f6nnten.<\/p>\t\t\t\t\t\t\t\t<\/div>\n\t\t\t\t<\/div>\n\t\t\t\t<div class=\"elementor-element elementor-element-99dfbc0 elementor-widget elementor-widget-heading\" data-id=\"99dfbc0\" data-element_type=\"widget\" data-e-type=\"widget\" data-widget_type=\"heading.default\">\n\t\t\t\t<div class=\"elementor-widget-container\">\n\t\t\t\t\t<h2 class=\"elementor-heading-title elementor-size-default\">Was sind die Zwecke und Rechtsgrundlagen unserer Verarbeitung?<\/h2>\t\t\t\t<\/div>\n\t\t\t\t<\/div>\n\t\t\t\t<div class=\"elementor-element elementor-element-264237c elementor-widget elementor-widget-text-editor\" data-id=\"264237c\" data-element_type=\"widget\" data-e-type=\"widget\" data-widget_type=\"text-editor.default\">\n\t\t\t\t<div class=\"elementor-widget-container\">\n\t\t\t\t\t\t\t\t\t<p>Bitcoin Synergy verarbeitet Ihre personenbezogenen Daten zu folgenden Zwecken:<\/p><table><tbody><tr><th>Zweck<\/th><th>Rechtsgrundlage<\/th><th>Kategorien personenbezogener Daten, die verarbeitet werden<\/th><\/tr><tr><td>Weitergabe Ihrer personenbezogenen Daten an Fachleute, die Dienstleistungen anbieten, die f\u00fcr Sie von Interesse sein k\u00f6nnten<\/td><td>Ihre EinwilligungIdentifikationsdaten<\/td><td>\u00a0<\/td><\/tr><tr><td>Beantwortung und Einhaltung von Anfragen und rechtlichen Anforderungen von Aufsichtsbeh\u00f6rden oder anderen Beh\u00f6rden innerhalb oder au\u00dferhalb Ihres Heimatlandes.<\/td><td>Einhaltung der geltenden gesetzlichen und beh\u00f6rdlichen Anforderungen.<\/td><td>Identifikationsdaten Browsing-Informationen<\/td><\/tr><tr><td>Durchsetzung und Verteidigung unserer Rechte<\/td><td>Unser berechtigtes Interesse besteht darin, uns gegen\u00fcber unseren Nutzern (einschlie\u00dflich Ihnen) sowie gegen\u00fcber Justiz-, Verwaltungs- und\/oder Strafverfolgungsbeh\u00f6rden zu verteidigen.<\/td><td>Identifikationsdaten Browsing-Informationen<\/td><\/tr><tr><td>Gew\u00e4hrleistung des Betriebs unserer Website und ihrer Sicherheit<\/td><td>Unser berechtigtes Interesse besteht darin, eine gut funktionierende und sichere Website zu gew\u00e4hrleisten.<\/td><td>Browserinformationen<\/td><\/tr><\/tbody><\/table>\t\t\t\t\t\t\t\t<\/div>\n\t\t\t\t<\/div>\n\t\t\t\t<div class=\"elementor-element elementor-element-edb9652 elementor-widget elementor-widget-heading\" data-id=\"edb9652\" data-element_type=\"widget\" data-e-type=\"widget\" data-widget_type=\"heading.default\">\n\t\t\t\t<div class=\"elementor-widget-container\">\n\t\t\t\t\t<h2 class=\"elementor-heading-title elementor-size-default\">An wen werden meine personenbezogenen Daten weitergegeben?<\/h2>\t\t\t\t<\/div>\n\t\t\t\t<\/div>\n\t\t\t\t<div class=\"elementor-element elementor-element-5578c0c elementor-widget elementor-widget-text-editor\" data-id=\"5578c0c\" data-element_type=\"widget\" data-e-type=\"widget\" data-widget_type=\"text-editor.default\">\n\t\t\t\t<div class=\"elementor-widget-container\">\n\t\t\t\t\t\t\t\t\t<ul><li>Innerhalb unserer Gruppe;<\/li><li>An unsere Partner f\u00fcr deren eigene Verarbeitungszwecke, einschlie\u00dflich der Bereitstellung von Informationen \u00fcber deren Dienste und\/oder Produkte, die f\u00fcr Sie von Interesse sein k\u00f6nnten, sofern Sie zuvor Ihre Zustimmung zu einer solchen Weitergabe gegeben haben.<\/li><li>Mit Dritten, die uns Dienste wie Speicher- und Hosting-Anbieter, analytische, technische und diagnostische Dienste bereitstellen;<\/li><li>Mit unseren Beratern, insbesondere zur Einhaltung unserer gesetzlichen Verpflichtungen, vor allem in Bezug auf Buchhaltung, Abschlusspr\u00fcfung und interne Kontrolle;<\/li><li>Im Rahmen des Verkaufs unseres gesamten oder eines Teils unseres Unternehmens und seiner Verm\u00f6genswerte an Dritte oder im Rahmen einer Unternehmensumstrukturierung oder -umstrukturierung (einschlie\u00dflich Aufl\u00f6sung oder Liquidation); und<\/li><li>Sofern gesetzlich vorgeschrieben oder zul\u00e4ssig, an Regierungsbeh\u00f6rden, Gerichte, externe Berater und \u00e4hnliche Drittparteien.<\/li><\/ul>\t\t\t\t\t\t\t\t<\/div>\n\t\t\t\t<\/div>\n\t\t\t\t<div class=\"elementor-element elementor-element-338004b elementor-widget elementor-widget-heading\" data-id=\"338004b\" data-element_type=\"widget\" data-e-type=\"widget\" data-widget_type=\"heading.default\">\n\t\t\t\t<div class=\"elementor-widget-container\">\n\t\t\t\t\t<h2 class=\"elementor-heading-title elementor-size-default\">Grenz\u00fcberschreitende Daten\u00fcbertragungen<\/h2>\t\t\t\t<\/div>\n\t\t\t\t<\/div>\n\t\t\t\t<div class=\"elementor-element elementor-element-1557d6a elementor-widget elementor-widget-text-editor\" data-id=\"1557d6a\" data-element_type=\"widget\" data-e-type=\"widget\" data-widget_type=\"text-editor.default\">\n\t\t\t\t<div class=\"elementor-widget-container\">\n\t\t\t\t\t\t\t\t\t<p>Bitcoin Synergy \u00fcbermittelt Ihre personenbezogenen Daten au\u00dferhalb des Europ\u00e4ischen Wirtschaftsraums (\u201eEWR\u201c). Einige Empf\u00e4nger befinden sich in L\u00e4ndern, f\u00fcr die die Europ\u00e4ische Kommission Angemessenheitsbeschl\u00fcsse erlassen hat, insbesondere: Israel [ggf. auszuf\u00fcllen]. Die \u00dcbermittlung wird somit als ein angemessenes Datenschutzniveau aus Sicht des europ\u00e4ischen Datenschutzrechts anerkannt (Art. 45 DSGVO).<\/p><p>Einige Empf\u00e4nger Ihrer personenbezogenen Daten befinden sich in einem anderen Land, f\u00fcr das die Europ\u00e4ische Kommission keinen Beschluss erlassen hat, dass dieses Land ein angemessenes Datenschutzniveau gew\u00e4hrleistet, insbesondere: [ggf. auszuf\u00fcllen].<\/p><p>Durch den Abschluss entsprechender Daten\u00fcbermittlungsvereinbarungen auf Grundlage der Standardvertragsklauseln (2021\/914\/EU) gem\u00e4\u00df Art. 4 DSGVO. 46 (2) (c) DSGVO oder andere geeignete Mittel, die \u00fcber die unten stehenden Kontaktdaten erreichbar sind, haben wir sichergestellt, dass alle anderen Empf\u00e4nger au\u00dferhalb des EWR ein angemessenes Datenschutzniveau f\u00fcr die personenbezogenen Daten bieten und dass geeignete technische und organisatorische Sicherheitsma\u00dfnahmen vorhanden sind, um personenbezogene Daten vor versehentlicher oder unrechtm\u00e4\u00dfiger Zerst\u00f6rung, versehentlichem Verlust oder Ver\u00e4nderung, unberechtigter Offenlegung oder Zugriff und vor allen anderen unrechtm\u00e4\u00dfigen Formen der Verarbeitung zu sch\u00fctzen. Jede Weiter\u00fcbermittlung (einschlie\u00dflich unserer verbundenen Unternehmen au\u00dferhalb des EWR) unterliegt den entsprechenden Weiter\u00fcbermittlungsanforderungen gem\u00e4\u00df geltendem Recht.<\/p>\t\t\t\t\t\t\t\t<\/div>\n\t\t\t\t<\/div>\n\t\t\t\t<div class=\"elementor-element elementor-element-a744788 elementor-widget elementor-widget-heading\" data-id=\"a744788\" data-element_type=\"widget\" data-e-type=\"widget\" data-widget_type=\"heading.default\">\n\t\t\t\t<div class=\"elementor-widget-container\">\n\t\t\t\t\t<h2 class=\"elementor-heading-title elementor-size-default\">Ihre Rechte<\/h2>\t\t\t\t<\/div>\n\t\t\t\t<\/div>\n\t\t\t\t<div class=\"elementor-element elementor-element-28912bf elementor-widget elementor-widget-text-editor\" data-id=\"28912bf\" data-element_type=\"widget\" data-e-type=\"widget\" data-widget_type=\"text-editor.default\">\n\t\t\t\t<div class=\"elementor-widget-container\">\n\t\t\t\t\t\t\t\t\t<p>Nach geltendem Datenschutzrecht haben Sie folgende Rechte:<\/p><ol><li><strong>Auskunftsrecht:<\/strong> Sie haben das Recht, von uns eine Best\u00e4tigung dar\u00fcber zu verlangen, ob Sie betreffende personenbezogene Daten verarbeitet werden. Ist dies der Fall, k\u00f6nnen Sie Auskunft \u00fcber diese Daten verlangen. Zu den Auskunftsinformationen geh\u00f6ren unter anderem die Zwecke der Verarbeitung, die Kategorien der verarbeiteten personenbezogenen Daten und die Empf\u00e4nger oder Kategorien von Empf\u00e4ngern, denen die personenbezogenen Daten offengelegt wurden oder werden. Sie haben das Recht, eine Kopie der personenbezogenen Daten, die verarbeitet werden, zu erhalten. F\u00fcr weitere Kopien, die Sie anfordern, erheben wir ggf. eine angemessene Geb\u00fchr auf Grundlage der Verwaltungskosten.<\/li><li><strong>Recht auf Berichtigung:<\/strong> Sie haben das Recht, von uns die Berichtigung Sie betreffender unrichtiger personenbezogener Daten zu verlangen. Abh\u00e4ngig von den Zwecken der Verarbeitung haben Sie das Recht, die Vervollst\u00e4ndigung unvollst\u00e4ndiger personenbezogener Daten zu verlangen, auch mittels einer erg\u00e4nzenden Erkl\u00e4rung.<\/li><li><strong>Recht auf L\u00f6schung (Recht auf Vergessenwerden):<\/strong> Sie haben das Recht, von uns die L\u00f6schung Ihrer personenbezogenen Daten zu verlangen.<\/li><li><strong>Recht auf Einschr\u00e4nkung der Verarbeitung:<\/strong> Sie haben das Recht, die Einschr\u00e4nkung der Verarbeitung Ihrer personenbezogenen Daten zu verlangen. In diesem Fall werden die entsprechenden Daten gekennzeichnet und d\u00fcrfen von uns nur noch f\u00fcr bestimmte Zwecke verarbeitet werden..<\/li><li><strong>Recht auf Daten\u00fcbertragbarkeit:<\/strong> Sie haben das Recht, die Sie betreffenden personenbezogenen Daten, die Sie uns bereitgestellt haben, in einem strukturierten, allgemein verwendeten und maschinenlesbaren Format zu erhalten, und Sie haben das Recht, diese personenbezogenen Daten ohne Behinderung durch uns an eine andere Stelle zu \u00fcbermitteln.<\/li><li><strong>Widerspruchsrecht:<\/strong> Sie haben das Recht, aus Gr\u00fcnden, die sich aus Ihrer besonderen Situation ergeben, jederzeit der Verarbeitung Ihrer personenbezogenen Daten durch uns zu widersprechen, und wir k\u00f6nnen verpflichtet werden, Ihre personenbezogenen Daten nicht mehr zu verarbeiten. Wenn Sie ein Widerspruchsrecht haben und dieses aus\u00fcben, werden Ihre personenbezogenen Daten von uns nicht mehr zu diesen Zwecken verarbeitet. Die Aus\u00fcbung dieses Rechts ist kostenlos. Ein solches Widerspruchsrecht besteht insbesondere dann nicht, wenn die Verarbeitung Ihrer personenbezogenen Daten f\u00fcr die Durchf\u00fchrung vorvertraglicher Ma\u00dfnahmen oder zur Erf\u00fcllung eines bereits geschlossenen Vertrags erforderlich ist.<\/li><li><strong>Recht auf Widerruf Ihrer Einwilligung:\u00a0<\/strong>Wenn die Verarbeitung Ihrer personenbezogenen Daten auf Ihrer Einwilligung beruht, haben Sie das Recht, diese jederzeit zu widerrufen. Dieses Recht auf Widerruf Ihrer Einwilligung ber\u00fchrt nicht die Rechtm\u00e4\u00dfigkeit der Verarbeitung auf Grundlage Ihrer Einwilligung, die Sie uns vor dem Widerruf erteilt haben.<\/li><li><strong>Recht auf Ihre Daten nach Ihrem Tod:<\/strong> Sie haben das Recht, Anweisungen zur Aufbewahrung, L\u00f6schung und \u00dcbermittlung der Sie betreffenden personenbezogenen Daten nach Ihrem Tod zu geben.<\/li><\/ol><p>Bitte beachten Sie, dass diese Rechte nach geltendem lokalem Datenschutzrecht eingeschr\u00e4nkt sein k\u00f6nnen. Wenn Sie eines dieser Rechte aus\u00fcben m\u00f6chten, kontaktieren Sie uns bitte wie im Abschnitt \u201eKontakt\u201c unten beschrieben. Sie haben au\u00dferdem das Recht, eine Beschwerde bei der zust\u00e4ndigen franz\u00f6sischen Datenschutzbeh\u00f6rde, der CNIL, einzureichen.<\/p>\t\t\t\t\t\t\t\t<\/div>\n\t\t\t\t<\/div>\n\t\t\t\t<div class=\"elementor-element elementor-element-54ab5be elementor-widget elementor-widget-heading\" data-id=\"54ab5be\" data-element_type=\"widget\" data-e-type=\"widget\" data-widget_type=\"heading.default\">\n\t\t\t\t<div class=\"elementor-widget-container\">\n\t\t\t\t\t<h2 class=\"elementor-heading-title elementor-size-default\">\u00c4nderungen der Datenschutzerkl\u00e4rung<\/h2>\t\t\t\t<\/div>\n\t\t\t\t<\/div>\n\t\t\t\t<div class=\"elementor-element elementor-element-512e61b elementor-widget elementor-widget-text-editor\" data-id=\"512e61b\" data-element_type=\"widget\" data-e-type=\"widget\" data-widget_type=\"text-editor.default\">\n\t\t\t\t<div class=\"elementor-widget-container\">\n\t\t\t\t\t\t\t\t\t<p>Diese Datenschutzerkl\u00e4rung kann sich \u00e4ndern. Sie werden rechtzeitig \u00fcber solche \u00c4nderungen informiert. Bei Fragen kontaktieren Sie uns bitte unter <a href=\"mailto:info@thebitcoinsynergy.de\">info@thebitcoinsynergy.de<\/a><\/p>\t\t\t\t\t\t\t\t<\/div>\n\t\t\t\t<\/div>\n\t\t\t\t\t<\/div>\n\t\t\t\t<\/div>\n\t\t\t\t<\/div>\n\t\t","protected":false},"excerpt":{"rendered":"<p>Datenschutzrichtlinie Heim Datenschutzrichtlinie Zweck der Mitteilung Der Zweck dieser Datenschutzerkl\u00e4rung (\u201eErkl\u00e4rung\u201c) besteht darin, Sie dar\u00fcber zu informieren, wie Bitcoin Synergy (\u201eBitcoin Synergy\u201c, \u201ewir\u201c oder \u201euns\u201c) als Verantwortlicher mit Ihren personenbezogenen Daten umgeht und diese verarbeitet. Dies gilt f\u00fcr die Informationen, die Sie beim Zugriff auf unsere Website https:\/\/thebitcoinsynergy.de\/ (die \u201eWebsite\u201c) angeben, sowie f\u00fcr alle Daten, [&hellip;]<\/p>\n","protected":false},"author":1,"featured_media":0,"parent":0,"menu_order":0,"comment_status":"closed","ping_status":"closed","template":"elementor_header_footer","meta":{"footnotes":""},"class_list":["post-18","page","type-page","status-publish","hentry"],"_links":{"self":[{"href":"https:\/\/thebitcoinsynergy.de\/es\/wp-json\/wp\/v2\/pages\/18","targetHints":{"allow":["GET"]}}],"collection":[{"href":"https:\/\/thebitcoinsynergy.de\/es\/wp-json\/wp\/v2\/pages"}],"about":[{"href":"https:\/\/thebitcoinsynergy.de\/es\/wp-json\/wp\/v2\/types\/page"}],"author":[{"embeddable":true,"href":"https:\/\/thebitcoinsynergy.de\/es\/wp-json\/wp\/v2\/users\/1"}],"replies":[{"embeddable":true,"href":"https:\/\/thebitcoinsynergy.de\/es\/wp-json\/wp\/v2\/comments?post=18"}],"version-history":[{"count":0,"href":"https:\/\/thebitcoinsynergy.de\/es\/wp-json\/wp\/v2\/pages\/18\/revisions"}],"wp:attachment":[{"href":"https:\/\/thebitcoinsynergy.de\/es\/wp-json\/wp\/v2\/media?parent=18"}],"curies":[{"name":"wp","href":"https:\/\/api.w.org\/{rel}","templated":true}]}}