{"id":20,"date":"2025-06-11T05:23:44","date_gmt":"2025-06-11T05:23:44","guid":{"rendered":"https:\/\/thebitcoinsynergy.de\/?page_id=20"},"modified":"2025-06-17T08:12:29","modified_gmt":"2025-06-17T08:12:29","slug":"terminos-y-condiciones","status":"publish","type":"page","link":"https:\/\/thebitcoinsynergy.de\/es\/geschaftsbedingungen\/","title":{"rendered":"Gesch\u00e4ftsbedingungen"},"content":{"rendered":"<div data-elementor-type=\"wp-page\" data-elementor-id=\"20\" class=\"elementor elementor-20\" data-elementor-post-type=\"page\">\n\t\t\t\t<div class=\"elementor-element elementor-element-e555bff e-flex e-con-boxed e-con e-parent\" data-id=\"e555bff\" data-element_type=\"container\" data-e-type=\"container\" data-settings=\"{&quot;background_background&quot;:&quot;classic&quot;}\">\n\t\t\t\t\t<div class=\"e-con-inner\">\n\t\t\t\t<div class=\"elementor-element elementor-element-779ad8a elementor-widget elementor-widget-heading\" data-id=\"779ad8a\" data-element_type=\"widget\" data-e-type=\"widget\" data-widget_type=\"heading.default\">\n\t\t\t\t<div class=\"elementor-widget-container\">\n\t\t\t\t\t<h1 class=\"elementor-heading-title elementor-size-default\">Condiciones generales de contrataci\u00f3n<\/h1>\t\t\t\t<\/div>\n\t\t\t\t<\/div>\n\t\t\t\t<div class=\"elementor-element elementor-element-6a371df elementor-icon-list--layout-inline elementor-list-item-link-full_width elementor-widget elementor-widget-icon-list\" data-id=\"6a371df\" data-element_type=\"widget\" data-e-type=\"widget\" data-widget_type=\"icon-list.default\">\n\t\t\t\t<div class=\"elementor-widget-container\">\n\t\t\t\t\t\t\t<ul class=\"elementor-icon-list-items elementor-inline-items\">\n\t\t\t\t\t\t\t<li class=\"elementor-icon-list-item elementor-inline-item\">\n\t\t\t\t\t\t\t\t\t\t\t<a href=\"https:\/\/thebitcoinsynergy.de\/es\/\">\n\n\t\t\t\t\t\t\t\t\t\t\t\t<span class=\"elementor-icon-list-icon\">\n\t\t\t\t\t\t\t<svg aria-hidden=\"true\" class=\"e-font-icon-svg e-fas-circle\" viewbox=\"0 0 512 512\" xmlns=\"http:\/\/www.w3.org\/2000\/svg\"><path d=\"M256 8C119 8 8 119 8 256s111 248 248 248 248-111 248-248S393 8 256 8z\"><\/path><\/svg>\t\t\t\t\t\t<\/span>\n\t\t\t\t\t\t\t\t\t\t<span class=\"elementor-icon-list-text\">Hogar<\/span>\n\t\t\t\t\t\t\t\t\t\t\t<\/a>\n\t\t\t\t\t\t\t\t\t<\/li>\n\t\t\t\t\t\t\t\t<li class=\"elementor-icon-list-item elementor-inline-item\">\n\t\t\t\t\t\t\t\t\t\t\t<span class=\"elementor-icon-list-icon\">\n\t\t\t\t\t\t\t<svg aria-hidden=\"true\" class=\"e-font-icon-svg e-fas-circle\" viewbox=\"0 0 512 512\" xmlns=\"http:\/\/www.w3.org\/2000\/svg\"><path d=\"M256 8C119 8 8 119 8 256s111 248 248 248 248-111 248-248S393 8 256 8z\"><\/path><\/svg>\t\t\t\t\t\t<\/span>\n\t\t\t\t\t\t\t\t\t\t<span class=\"elementor-icon-list-text\">Condiciones generales de contrataci\u00f3n<\/span>\n\t\t\t\t\t\t\t\t\t<\/li>\n\t\t\t\t\t\t<\/ul>\n\t\t\t\t\t\t<\/div>\n\t\t\t\t<\/div>\n\t\t\t\t\t<\/div>\n\t\t\t\t<\/div>\n\t\t<div class=\"elementor-element elementor-element-e5c7e7d e-flex e-con-boxed e-con e-parent\" data-id=\"e5c7e7d\" data-element_type=\"container\" data-e-type=\"container\">\n\t\t\t\t\t<div class=\"e-con-inner\">\n\t\t\t\t<div class=\"elementor-element elementor-element-5e14c96 elementor-widget elementor-widget-heading\" data-id=\"5e14c96\" data-element_type=\"widget\" data-e-type=\"widget\" data-widget_type=\"heading.default\">\n\t\t\t\t<div class=\"elementor-widget-container\">\n\t\t\t\t\t<h2 class=\"elementor-heading-title elementor-size-default\">1. General<\/h2>\t\t\t\t<\/div>\n\t\t\t\t<\/div>\n\t\t\t\t<div class=\"elementor-element elementor-element-990d8db elementor-widget elementor-widget-text-editor\" data-id=\"990d8db\" data-element_type=\"widget\" data-e-type=\"widget\" data-widget_type=\"text-editor.default\">\n\t\t\t\t<div class=\"elementor-widget-container\">\n\t\t\t\t\t\t\t\t\t<p>1.1. Bienvenido a <a style=\"color: #21212;\" href=\"https:\/\/thebitcoinsynergy.de\/es\/\">https:\/\/thebitcoinsynergy.de\/<\/a> (el \u201cSitio Web\u201d).<\/p><p>1.2. El Sitio Web contiene informaci\u00f3n sobre plataformas de terceros (las \u00abPlataformas de Terceros\u00bb), incluyendo ofertas educativas sobre t\u00e9cnicas generales de inversi\u00f3n o estudios de mercado. Bitcoin Synergy act\u00faa como intermediario y conecta a los usuarios con estas Plataformas de Terceros (los \u00abServicios\u00bb).<\/p><p>1.3. Estos T\u00e9rminos de Uso (los \"T\u00e9rminos\") rigen su uso del Sitio Web y los Servicios (usted, su\/s o \"Usuario\/s\"). Le recomendamos leer estos T\u00e9rminos detenidamente y en su totalidad antes de utilizar los Servicios. Tenga en cuenta que estos T\u00e9rminos constituyen un acuerdo legalmente vinculante entre usted y el operador del Sitio Web (<a style=\"color: #21212;\" href=\"mailto:info@thebitcoinsynergy.de\">info@thebitcoinsynergy.de<\/a>Si no acepta alguna disposici\u00f3n de estos T\u00e9rminos, deber\u00e1 dejar de usar el Sitio Web inmediatamente. Al usar el Sitio Web, acepta regirse por los T\u00e9rminos y Condiciones, con sus modificaciones peri\u00f3dicas.<\/p><p>Estos T\u00e9rminos incorporan nuestra Pol\u00edtica de Privacidad y al aceptar estos T\u00e9rminos, usted confirma que tambi\u00e9n acepta y est\u00e1 de acuerdo con nuestra Pol\u00edtica de Privacidad (puede ver nuestra Pol\u00edtica de Privacidad en <a style=\"color: #21212;\" href=\"https:\/\/thebitcoinsynergy.de\/es\/privacy-policy\/\">haga clic aqu\u00ed<\/a>).<\/p>\t\t\t\t\t\t\t\t<\/div>\n\t\t\t\t<\/div>\n\t\t\t\t<div class=\"elementor-element elementor-element-6bb6e0d elementor-widget elementor-widget-heading\" data-id=\"6bb6e0d\" data-element_type=\"widget\" data-e-type=\"widget\" data-widget_type=\"heading.default\">\n\t\t\t\t<div class=\"elementor-widget-container\">\n\t\t\t\t\t<h2 class=\"elementor-heading-title elementor-size-default\">2. Descripci\u00f3n de los servicios<\/h2>\t\t\t\t<\/div>\n\t\t\t\t<\/div>\n\t\t\t\t<div class=\"elementor-element elementor-element-631a6ac elementor-widget elementor-widget-text-editor\" data-id=\"631a6ac\" data-element_type=\"widget\" data-e-type=\"widget\" data-widget_type=\"text-editor.default\">\n\t\t\t\t<div class=\"elementor-widget-container\">\n\t\t\t\t\t\t\t\t\t<p>2.1. No somos una plataforma de negociaci\u00f3n y no le conectamos con ninguna de ellas, a menos que esta se comprometa a proporcionarle exclusivamente servicios educativos o de investigaci\u00f3n de mercado.<br \/>2.2. Actuamos como intermediarios para conectarle con un proveedor de servicios que pueda ofrecerle contenido educativo sobre t\u00e9cnicas generales de inversi\u00f3n o estudios de mercado en las \u00e1reas de su inter\u00e9s.<br \/>2.3. Un representante del proveedor de servicios mencionado se pondr\u00e1 en contacto con usted despu\u00e9s de que se haya registrado en nuestro sitio web y haya proporcionado informaci\u00f3n completa y precisa.<br \/>2.4. La funci\u00f3n del representante mencionado en el apartado 2.3 es informarle sobre las t\u00e9cnicas generales de inversi\u00f3n que se ajusten a sus intereses o sean populares actualmente, y mejorar su comprensi\u00f3n de las estrategias de inversi\u00f3n.<\/p>\t\t\t\t\t\t\t\t<\/div>\n\t\t\t\t<\/div>\n\t\t\t\t<div class=\"elementor-element elementor-element-88ced9f elementor-widget elementor-widget-heading\" data-id=\"88ced9f\" data-element_type=\"widget\" data-e-type=\"widget\" data-widget_type=\"heading.default\">\n\t\t\t\t<div class=\"elementor-widget-container\">\n\t\t\t\t\t<h2 class=\"elementor-heading-title elementor-size-default\">3. Elegibilidad<\/h2>\t\t\t\t<\/div>\n\t\t\t\t<\/div>\n\t\t\t\t<div class=\"elementor-element elementor-element-449b964 elementor-widget elementor-widget-text-editor\" data-id=\"449b964\" data-element_type=\"widget\" data-e-type=\"widget\" data-widget_type=\"text-editor.default\">\n\t\t\t\t<div class=\"elementor-widget-container\">\n\t\t\t\t\t\t\t\t\t<p>3.1. Solo est\u00e1 autorizado a utilizar el Sitio Web y los Servicios si cumple con todas las condiciones siguientes:<br \/>3.1.1 Tienes al menos 18 a\u00f1os de edad;<br \/>3.1.2 Usted tiene derecho, est\u00e1 autorizado y es legalmente competente para aceptar estos T\u00e9rminos y cumplir con todos los t\u00e9rminos y condiciones aqu\u00ed contenidos;<br \/>3.1.3 Su uso del Sitio web y\/o los Servicios no est\u00e1 prohibido seg\u00fan las leyes del pa\u00eds en el que reside o se encuentra mientras utiliza el Sitio web.<\/p>\t\t\t\t\t\t\t\t<\/div>\n\t\t\t\t<\/div>\n\t\t\t\t<div class=\"elementor-element elementor-element-3dce900 elementor-widget elementor-widget-heading\" data-id=\"3dce900\" data-element_type=\"widget\" data-e-type=\"widget\" data-widget_type=\"heading.default\">\n\t\t\t\t<div class=\"elementor-widget-container\">\n\t\t\t\t\t<h2 class=\"elementor-heading-title elementor-size-default\">4. \u00c1reas restringidas<\/h2>\t\t\t\t<\/div>\n\t\t\t\t<\/div>\n\t\t\t\t<div class=\"elementor-element elementor-element-6bf5fba elementor-widget elementor-widget-text-editor\" data-id=\"6bf5fba\" data-element_type=\"widget\" data-e-type=\"widget\" data-widget_type=\"text-editor.default\">\n\t\t\t\t<div class=\"elementor-widget-container\">\n\t\t\t\t\t\t\t\t\t<p>4.1 Sin perjuicio de la generalidad de lo anterior, podremos limitar la disponibilidad del Sitio web y\/o de los Servicios (o cualquier parte de los mismos) a los usuarios en territorios donde el marco legal y regulatorio sea incompatible con la prestaci\u00f3n de los Servicios.<br \/>4.2. Podemos imponer requisitos o condiciones adicionales antes de aceptar usuarios residentes en o procedentes de ciertos pa\u00edses, si es necesario para cumplir con las leyes de dicho territorio. Adem\u00e1s, reconocemos que si los usuarios viajan a los territorios restringidos, el Sitio y\/o los Servicios podr\u00edan no estar disponibles o estar bloqueados all\u00ed.<\/p>\t\t\t\t\t\t\t\t<\/div>\n\t\t\t\t<\/div>\n\t\t\t\t<div class=\"elementor-element elementor-element-905bf48 elementor-widget elementor-widget-heading\" data-id=\"905bf48\" data-element_type=\"widget\" data-e-type=\"widget\" data-widget_type=\"heading.default\">\n\t\t\t\t<div class=\"elementor-widget-container\">\n\t\t\t\t\t<h2 class=\"elementor-heading-title elementor-size-default\">5. Actividades prohibidas<\/h2>\t\t\t\t<\/div>\n\t\t\t\t<\/div>\n\t\t\t\t<div class=\"elementor-element elementor-element-ad10a31 elementor-widget elementor-widget-text-editor\" data-id=\"ad10a31\" data-element_type=\"widget\" data-e-type=\"widget\" data-widget_type=\"text-editor.default\">\n\t\t\t\t<div class=\"elementor-widget-container\">\n\t\t\t\t\t\t\t\t\t<p>5.1 Usted acepta utilizar el Sitio web y los Servicios de manera respetuosa y no:<br \/>5.1.1 Vincular al Sitio Web y\/o utilizar el Sitio Web para (a) cargar, descargar, distribuir, publicar o transmitir cualquier informaci\u00f3n u otro material de una manera que infrinja cualquier derecho, incluidos los derechos de propiedad intelectual, derechos de privacidad o cualquier otro derecho; (b) informaci\u00f3n u otro material cuya publicaci\u00f3n o uso est\u00e9 prohibido por ser amenazante, da\u00f1ino, ofensivo, calumnioso, difamatorio, racista o inapropiado; (c) informaci\u00f3n u otro material que contenga un virus u otro software que pueda da\u00f1ar nuestros sistemas inform\u00e1ticos o los de terceros o que de alguna manera restrinja o inhiba a otros de utilizar el Sitio Web; (d) informaci\u00f3n u otro material que viole cualquier ley; o (e) informaci\u00f3n u otro material que contenga publicidad de cualquier tipo sin nuestro consentimiento previo por escrito;<br \/>5.1.2. eliminar o alterar cualquier atribuci\u00f3n, aviso legal u otras designaciones o marcas de propiedad en el Sitio web;<br \/>5.1.3. Utilizar los Servicios a trav\u00e9s de una interfaz distinta al Sitio Web;<br \/>5.1.4. Interferir con el uso del Sitio Web y\/o los Servicios por parte de otros usuarios;<br \/>5.1.5. Utilizar bots u otros m\u00e9todos automatizados para acceder o utilizar el Sitio Web y\/o los Servicios;<br \/>5.1.6. Cargar o transmitir (o intentar cargar o transmitir) cualquier material que act\u00fae como mecanismo pasivo o activo de recopilaci\u00f3n o transmisi\u00f3n de informaci\u00f3n, incluyendo, entre otros, errores web, cookies o dispositivos esp\u00eda similares, sin nuestra autorizaci\u00f3n expresa.<br \/>5.1.7. \u201cEnmarcar\u201d, \u201cduplicar\u201d o simular de cualquier otra forma la apariencia o funcionalidad de los Servicios;<br \/>5.1.8 Violar cualquier ley o regulaci\u00f3n aplicable, promover o ayudar a cualquier actividad ilegal, incluyendo, entre otras, la violaci\u00f3n de derechos de autor, violaci\u00f3n de marca registrada, difamaci\u00f3n, invasi\u00f3n de la privacidad, robo de identidad, pirater\u00eda, descifrado o distribuci\u00f3n de software falsificado;<br \/>5.1.9. Modificar el c\u00f3digo fuente del Sitio Web o interferir con \u00e9l de cualquier manera, as\u00ed como cargar software o aplicaciones que da\u00f1en o puedan da\u00f1ar el Sitio Web o a terceros.<br \/>5.1.10. Desensamblar, descompilar o aplicar ingenier\u00eda inversa a cualquier software u otra tecnolog\u00eda contenida en el Sitio Web o utilizada para la prestaci\u00f3n de los Servicios.<br \/>5.2. Usted reconoce que, sin perjuicio de cualquier otro derecho que podamos tener, podremos cancelar su acceso al Sitio Web y\/o a los Servicios si determinamos que su uso del Sitio Web no cumple con las disposiciones de estos T\u00e9rminos o la legislaci\u00f3n aplicable.<\/p>\t\t\t\t\t\t\t\t<\/div>\n\t\t\t\t<\/div>\n\t\t\t\t<div class=\"elementor-element elementor-element-f2712ee elementor-widget elementor-widget-heading\" data-id=\"f2712ee\" data-element_type=\"widget\" data-e-type=\"widget\" data-widget_type=\"heading.default\">\n\t\t\t\t<div class=\"elementor-widget-container\">\n\t\t\t\t\t<h2 class=\"elementor-heading-title elementor-size-default\">6. Derechos de propiedad intelectual<\/h2>\t\t\t\t<\/div>\n\t\t\t\t<\/div>\n\t\t\t\t<div class=\"elementor-element elementor-element-108bf5d elementor-widget elementor-widget-text-editor\" data-id=\"108bf5d\" data-element_type=\"widget\" data-e-type=\"widget\" data-widget_type=\"text-editor.default\">\n\t\t\t\t<div class=\"elementor-widget-container\">\n\t\t\t\t\t\t\t\t\t<p>6.1 El Sitio Web y sus contenidos, incluyendo material de video, texto, fotograf\u00edas, logotipos, dise\u00f1os, m\u00fasica, sonido, im\u00e1genes, marcas comerciales y otros contenidos del Sitio Web, est\u00e1n protegidos por nuestros derechos de propiedad intelectual o de terceros.<br \/>6.2. Entre nosotros y el Usuario, nos reservamos todos los derechos, t\u00edtulos e intereses sobre el Sitio Web y los Servicios. Al utilizar el Sitio Web o los Servicios, el Usuario no adquiere ning\u00fan derecho de propiedad intelectual sobre el Sitio Web o los Servicios, salvo el derecho a utilizar el Sitio Web o los Servicios de conformidad con las presentes Condiciones.<br \/>6.3 El Usuario podr\u00e1 utilizar el Sitio Web y\/o los Servicios \u00fanicamente para uso personal y no comercial.<br \/>6.4 No puede, ni puede permitir que ning\u00fan tercero, modifique, descompilar, desensamblar, realizar ingenier\u00eda inversa, copiar, transmitir, crear trabajos derivados de, alquilar, sublicenciar, distribuir, reproducir, enmarcar, republicar, raspar, descargar, mostrar, transmitir, publicar, arrendar o vender cualquier Contenido del Sitio web, en su totalidad o en parte, para cualquier prop\u00f3sito que no sea usar el Sitio web o los Servicios de acuerdo con los T\u00e9rminos, o explotarlo de otra manera sin nuestro expreso consentimiento previo por escrito.<\/p>\t\t\t\t\t\t\t\t<\/div>\n\t\t\t\t<\/div>\n\t\t\t\t<div class=\"elementor-element elementor-element-1ae4cad elementor-widget elementor-widget-heading\" data-id=\"1ae4cad\" data-element_type=\"widget\" data-e-type=\"widget\" data-widget_type=\"heading.default\">\n\t\t\t\t<div class=\"elementor-widget-container\">\n\t\t\t\t\t<h2 class=\"elementor-heading-title elementor-size-default\">7. Limitaci\u00f3n de responsabilidad<\/h2>\t\t\t\t<\/div>\n\t\t\t\t<\/div>\n\t\t\t\t<div class=\"elementor-element elementor-element-ac51f82 elementor-widget elementor-widget-text-editor\" data-id=\"ac51f82\" data-element_type=\"widget\" data-e-type=\"widget\" data-widget_type=\"text-editor.default\">\n\t\t\t\t<div class=\"elementor-widget-container\">\n\t\t\t\t\t\t\t\t\t<p>7.1 No seremos responsables de ninguna p\u00e9rdida o da\u00f1o resultante del incumplimiento o cumplimiento indebido de estos T\u00e9rminos y Condiciones causados \u200b\u200bpor (i) usted, (ii) el acto imprevisible e insuperable de un tercero, o (iii) fuerza mayor.<\/p><p>7.2 Estos T\u00e9rminos no excluyen ni limitan nuestra responsabilidad hacia usted cuando ser\u00eda ilegal hacerlo, incluyendo, entre otros:<\/p><p>(i) muerte o lesiones personales resultantes de nuestra negligencia,<\/p><p>(ii) fraude o tergiversaci\u00f3n fraudulenta y<\/p><p>(iii) cualquier otra responsabilidad que no pueda excluirse o limitarse seg\u00fan la legislaci\u00f3n francesa.<\/p><p>7.3 Sin perjuicio de la generalidad de lo anterior, no asumimos ninguna responsabilidad por errores, virus, caballos de Troya o similares transmitidos por terceros hacia o a trav\u00e9s del Sitio web o los Servicios, a menos que seamos culpables.<\/p><p>7.4 Haremos todo lo posible para garantizar que el Sitio Web est\u00e9 libre de errores, equivocaciones o inexactitudes en su contenido. En caso de que se produzcan errores, equivocaciones o inexactitudes, los corregiremos de inmediato.<br \/>7.5 Usted acepta indemnizarnos por cualquier da\u00f1o causado a terceros en relaci\u00f3n con el Sitio web y\/o los Servicios que surjan de su incumplimiento de estos T\u00e9rminos.<br \/>7.6. No nos responsabilizamos de ning\u00fan problema o fallo t\u00e9cnico de las l\u00edneas telef\u00f3nicas o de red, sistemas inform\u00e1ticos en l\u00ednea, servidores o proveedores, hardware o software, fallos debidos a problemas t\u00e9cnicos o congesti\u00f3n del tr\u00e1fico en Internet (o falta de disponibilidad de Internet), ni de la incompatibilidad entre el Sitio Web o los Servicios y su navegador u otros dispositivos. Sin perjuicio de lo anterior, no asumimos ninguna responsabilidad ni riesgo por su uso de Internet.<\/p>\t\t\t\t\t\t\t\t<\/div>\n\t\t\t\t<\/div>\n\t\t\t\t<div class=\"elementor-element elementor-element-5746360 elementor-widget elementor-widget-heading\" data-id=\"5746360\" data-element_type=\"widget\" data-e-type=\"widget\" data-widget_type=\"heading.default\">\n\t\t\t\t<div class=\"elementor-widget-container\">\n\t\t\t\t\t<h2 class=\"elementor-heading-title elementor-size-default\">8. Servicios o contenidos de terceros<\/h2>\t\t\t\t<\/div>\n\t\t\t\t<\/div>\n\t\t\t\t<div class=\"elementor-element elementor-element-71da38d elementor-widget elementor-widget-text-editor\" data-id=\"71da38d\" data-element_type=\"widget\" data-e-type=\"widget\" data-widget_type=\"text-editor.default\">\n\t\t\t\t<div class=\"elementor-widget-container\">\n\t\t\t\t\t\t\t\t\t<p>8.1 Mientras utiliza los Servicios, es posible que vea contenido o servicios de terceros, incluidos anuncios y rese\u00f1as en plataformas de terceros.<br \/>8.2 No controlamos, respaldamos ni aceptamos responsabilidad por dicho contenido o servicios, y es posible que no siempre sean precisos o actualizados.<br \/>8.3 Por lo tanto, le recomendamos que verifique de forma independiente cualquier informaci\u00f3n antes de confiar en ella. Cualquier decisi\u00f3n o acci\u00f3n que tome con base en esta informaci\u00f3n es de su exclusiva responsabilidad.<\/p>\t\t\t\t\t\t\t\t<\/div>\n\t\t\t\t<\/div>\n\t\t\t\t<div class=\"elementor-element elementor-element-3503323 elementor-widget elementor-widget-heading\" data-id=\"3503323\" data-element_type=\"widget\" data-e-type=\"widget\" data-widget_type=\"heading.default\">\n\t\t\t\t<div class=\"elementor-widget-container\">\n\t\t\t\t\t<h2 class=\"elementor-heading-title elementor-size-default\">9. Izquierda<\/h2>\t\t\t\t<\/div>\n\t\t\t\t<\/div>\n\t\t\t\t<div class=\"elementor-element elementor-element-1d74cee elementor-widget elementor-widget-text-editor\" data-id=\"1d74cee\" data-element_type=\"widget\" data-e-type=\"widget\" data-widget_type=\"text-editor.default\">\n\t\t\t\t<div class=\"elementor-widget-container\">\n\t\t\t\t\t\t\t\t\t<p>9.1. El Sitio Web puede contener enlaces, contenido, anuncios, promociones, logotipos y otros materiales de otros sitios web o software controlados u ofrecidos por terceros (los \"Enlaces\"). Le advertimos que comprenda los riesgos asociados al uso de dichos sitios web, software o materiales antes de acceder, usar, confiar en o comprar cualquier producto a trav\u00e9s de ellos o basado en dichos materiales. Estos Enlaces se proporcionan \u00fanicamente para su comodidad, y usted acepta que bajo ninguna circunstancia seremos responsables de ninguna p\u00e9rdida o da\u00f1o causado por su uso o confianza en cualquier contenido, producto o servicio disponible en otros sitios web o software.<br \/>9.2 La inclusi\u00f3n de enlaces en el Sitio Web no constituye un respaldo, autorizaci\u00f3n, patrocinio, afiliaci\u00f3n o cualquier otra asociaci\u00f3n entre nosotros y dichos sitios web, software o sus operadores.<br \/>9.3. No hemos revisado la totalidad ni parte de estos enlaces y no nos hacemos responsables del contenido de los sitios web ni del software al que se hace referencia. Le advertimos que debe considerar los riesgos asociados al uso de dichos sitios web o software antes de acceder, usar, confiar en o comprar cualquier producto o servicio de ellos. Bajo ninguna circunstancia ser\u00e1 responsable ante nosotros por ninguna p\u00e9rdida o da\u00f1o derivado del uso o la confianza depositada en el contenido, los bienes o los servicios disponibles en otros sitios web.<br \/>9.4 Es su responsabilidad revisar los t\u00e9rminos y pol\u00edticas de dichos sitios web de terceros y le recomendamos encarecidamente que los revise detenidamente antes de interactuar con dichos terceros.<\/p>\t\t\t\t\t\t\t\t<\/div>\n\t\t\t\t<\/div>\n\t\t\t\t<div class=\"elementor-element elementor-element-4fff801 elementor-widget elementor-widget-heading\" data-id=\"4fff801\" data-element_type=\"widget\" data-e-type=\"widget\" data-widget_type=\"heading.default\">\n\t\t\t\t<div class=\"elementor-widget-container\">\n\t\t\t\t\t<h2 class=\"elementor-heading-title elementor-size-default\">10. Varios<\/h2>\t\t\t\t<\/div>\n\t\t\t\t<\/div>\n\t\t\t\t<div class=\"elementor-element elementor-element-e0c6fdd elementor-widget elementor-widget-text-editor\" data-id=\"e0c6fdd\" data-element_type=\"widget\" data-e-type=\"widget\" data-widget_type=\"text-editor.default\">\n\t\t\t\t<div class=\"elementor-widget-container\">\n\t\t\t\t\t\t\t\t\t<p>10.1 Es posible que de vez en cuando agreguemos, modifiquemos o discontinuemos los Servicios y\/o introduzcamos nuevos Servicios con efecto futuro.<br \/>10.2. Podemos modificar estos T\u00e9rminos ocasionalmente. En tal caso, se lo notificaremos publicando la versi\u00f3n m\u00e1s reciente y ajustando la fecha en la parte superior de esta p\u00e1gina. Todos los cambios entrar\u00e1n en vigor al publicarse. Su uso continuado del Sitio despu\u00e9s de la entrada en vigor de cualquier cambio constituye su aceptaci\u00f3n de los T\u00e9rminos revisados.<br \/>10.3 El Usuario acepta que la transmisi\u00f3n de informaci\u00f3n hacia o desde el Sitio Web no crea ninguna relaci\u00f3n distinta a la establecida en estos T\u00e9rminos.<br \/>10.4. Estos T\u00e9rminos y la Pol\u00edtica de Privacidad, con sus modificaciones peri\u00f3dicas, constituyen los \u00fanicos acuerdos v\u00e1lidos entre nosotros y el Usuario. Ninguna declaraci\u00f3n, promesa, consentimiento o compromiso, ya sea escrito u oral, que no est\u00e9 contenido en los t\u00e9rminos de la Pol\u00edtica de Privacidad ser\u00e1 vinculante para las partes.<br \/>10.5. La falta o demora por nuestra parte en el ejercicio de cualquier derecho, facultad o recurso no constituir\u00e1 una renuncia al mismo, ni el ejercicio \u00fanico o parcial de dicho derecho, facultad o recurso impedir\u00e1 su posterior ejercicio ni el de cualquier otro derecho, facultad o recurso.<br \/>10.6 Si un tribunal de jurisdicci\u00f3n competente determina que alguna disposici\u00f3n de estos T\u00e9rminos no se puede hacer cumplir seg\u00fan la ley aplicable, dicha disposici\u00f3n se excluir\u00e1 de estos T\u00e9rminos y el resto de estos T\u00e9rminos se interpretar\u00e1n como si la disposici\u00f3n estuviera excluida y fuera aplicable de conformidad con sus t\u00e9rminos; siempre que, en tal caso, estos T\u00e9rminos se interpreten para dar efecto al significado y la intenci\u00f3n de la disposici\u00f3n excluida seg\u00fan lo determine el tribunal de jurisdicci\u00f3n competente en la mayor medida compatible con y permitida por la ley aplicable.<br \/>10.7. Podremos transferir o ceder cualquiera de nuestros derechos y obligaciones en virtud del presente a terceros, siempre que esto no afecte a sus derechos. No obstante lo anterior, el Sitio Web y\/o los Servicios tambi\u00e9n podr\u00e1n ser operados por terceros. No podr\u00e1 transferir, ceder ni pignorar en modo alguno sus derechos u obligaciones en virtud de estos T\u00e9rminos.<br \/>10.8 Estos T\u00e9rminos y Condiciones se rigen por la legislaci\u00f3n francesa.<br \/>10.9 El lugar exclusivo de jurisdicci\u00f3n para todas las disputas que surjan de o en conexi\u00f3n con estos T\u00e9rminos y Condiciones ser\u00e1n los tribunales de su lugar de residencia.<\/p>\t\t\t\t\t\t\t\t<\/div>\n\t\t\t\t<\/div>\n\t\t\t\t\t<\/div>\n\t\t\t\t<\/div>\n\t\t\t\t<\/div>","protected":false},"excerpt":{"rendered":"<p>Allgemeine Gesch\u00e4ftsbedingungen Heim Allgemeine Gesch\u00e4ftsbedingungen 1. Allgemeines 1.1. Willkommen auf https:\/\/thebitcoinsynergy.de\/ (die \u201eWebsite\u201c). 1.2. Die Website enth\u00e4lt Informationen zu Drittanbieterplattformen (die \u201eDrittanbieterplattformen\u201c), insbesondere zu Bildungsangeboten zu allgemeinen Anlagetechniken oder Marktforschung. Bitcoin Synergy fungiert als Vermittler und verbindet Nutzer mit diesen Drittanbieterplattformen (die \u201eDienste\u201c). 1.3. Diese Nutzungsbedingungen (die \u201eBedingungen\u201c) regeln Ihre (\u201eSie\u201c, \u201eIhr\u201c oder \u201eNutzer\u201c) Nutzung [&hellip;]<\/p>\n","protected":false},"author":1,"featured_media":0,"parent":0,"menu_order":0,"comment_status":"closed","ping_status":"closed","template":"elementor_header_footer","meta":{"footnotes":""},"class_list":["post-20","page","type-page","status-publish","hentry"],"_links":{"self":[{"href":"https:\/\/thebitcoinsynergy.de\/es\/wp-json\/wp\/v2\/pages\/20","targetHints":{"allow":["GET"]}}],"collection":[{"href":"https:\/\/thebitcoinsynergy.de\/es\/wp-json\/wp\/v2\/pages"}],"about":[{"href":"https:\/\/thebitcoinsynergy.de\/es\/wp-json\/wp\/v2\/types\/page"}],"author":[{"embeddable":true,"href":"https:\/\/thebitcoinsynergy.de\/es\/wp-json\/wp\/v2\/users\/1"}],"replies":[{"embeddable":true,"href":"https:\/\/thebitcoinsynergy.de\/es\/wp-json\/wp\/v2\/comments?post=20"}],"version-history":[{"count":0,"href":"https:\/\/thebitcoinsynergy.de\/es\/wp-json\/wp\/v2\/pages\/20\/revisions"}],"wp:attachment":[{"href":"https:\/\/thebitcoinsynergy.de\/es\/wp-json\/wp\/v2\/media?parent=20"}],"curies":[{"name":"wp","href":"https:\/\/api.w.org\/{rel}","templated":true}]}}