{"id":672,"date":"2025-12-29T07:50:55","date_gmt":"2025-12-29T07:50:55","guid":{"rendered":"https:\/\/thebitcoinsynergy.de\/?page_id=672"},"modified":"2025-12-29T08:08:49","modified_gmt":"2025-12-29T08:08:49","slug":"descargo-de-responsabilidad","status":"publish","type":"page","link":"https:\/\/thebitcoinsynergy.de\/es\/haftungsausschluss\/","title":{"rendered":"Descargo de responsabilidad"},"content":{"rendered":"<div data-elementor-type=\"wp-page\" data-elementor-id=\"672\" class=\"elementor elementor-672\" data-elementor-post-type=\"page\">\n\t\t\t\t<div class=\"elementor-element elementor-element-9d1f36c e-flex e-con-boxed e-con e-parent\" data-id=\"9d1f36c\" data-element_type=\"container\" data-e-type=\"container\" data-settings=\"{&quot;background_background&quot;:&quot;classic&quot;}\">\n\t\t\t\t\t<div class=\"e-con-inner\">\n\t\t\t\t<div class=\"elementor-element elementor-element-8046270 elementor-widget elementor-widget-heading\" data-id=\"8046270\" data-element_type=\"widget\" data-e-type=\"widget\" data-widget_type=\"heading.default\">\n\t\t\t\t<div class=\"elementor-widget-container\">\n\t\t\t\t\t<h1 class=\"elementor-heading-title elementor-size-default\">Descargo de responsabilidad<\/h1>\t\t\t\t<\/div>\n\t\t\t\t<\/div>\n\t\t\t\t<div class=\"elementor-element elementor-element-66c63af elementor-icon-list--layout-inline elementor-list-item-link-full_width elementor-widget elementor-widget-icon-list\" data-id=\"66c63af\" data-element_type=\"widget\" data-e-type=\"widget\" data-widget_type=\"icon-list.default\">\n\t\t\t\t<div class=\"elementor-widget-container\">\n\t\t\t\t\t\t\t<ul class=\"elementor-icon-list-items elementor-inline-items\">\n\t\t\t\t\t\t\t<li class=\"elementor-icon-list-item elementor-inline-item\">\n\t\t\t\t\t\t\t\t\t\t\t<a href=\"https:\/\/thebitcoinsynergy.de\/es\/\">\n\n\t\t\t\t\t\t\t\t\t\t\t\t<span class=\"elementor-icon-list-icon\">\n\t\t\t\t\t\t\t<svg aria-hidden=\"true\" class=\"e-font-icon-svg e-fas-circle\" viewbox=\"0 0 512 512\" xmlns=\"http:\/\/www.w3.org\/2000\/svg\"><path d=\"M256 8C119 8 8 119 8 256s111 248 248 248 248-111 248-248S393 8 256 8z\"><\/path><\/svg>\t\t\t\t\t\t<\/span>\n\t\t\t\t\t\t\t\t\t\t<span class=\"elementor-icon-list-text\">Hogar<\/span>\n\t\t\t\t\t\t\t\t\t\t\t<\/a>\n\t\t\t\t\t\t\t\t\t<\/li>\n\t\t\t\t\t\t\t\t<li class=\"elementor-icon-list-item elementor-inline-item\">\n\t\t\t\t\t\t\t\t\t\t\t<span class=\"elementor-icon-list-icon\">\n\t\t\t\t\t\t\t<svg aria-hidden=\"true\" class=\"e-font-icon-svg e-fas-circle\" viewbox=\"0 0 512 512\" xmlns=\"http:\/\/www.w3.org\/2000\/svg\"><path d=\"M256 8C119 8 8 119 8 256s111 248 248 248 248-111 248-248S393 8 256 8z\"><\/path><\/svg>\t\t\t\t\t\t<\/span>\n\t\t\t\t\t\t\t\t\t\t<span class=\"elementor-icon-list-text\">Descargo de responsabilidad<\/span>\n\t\t\t\t\t\t\t\t\t<\/li>\n\t\t\t\t\t\t<\/ul>\n\t\t\t\t\t\t<\/div>\n\t\t\t\t<\/div>\n\t\t\t\t\t<\/div>\n\t\t\t\t<\/div>\n\t\t<div class=\"elementor-element elementor-element-9a01b1b e-flex e-con-boxed e-con e-parent\" data-id=\"9a01b1b\" data-element_type=\"container\" data-e-type=\"container\" data-settings=\"{&quot;background_background&quot;:&quot;classic&quot;}\">\n\t\t\t\t\t<div class=\"e-con-inner\">\n\t\t\t\t<div class=\"elementor-element elementor-element-8c04e1c elementor-widget elementor-widget-text-editor\" data-id=\"8c04e1c\" data-element_type=\"widget\" data-e-type=\"widget\" data-widget_type=\"text-editor.default\">\n\t\t\t\t<div class=\"elementor-widget-container\">\n\t\t\t\t\t\t\t\t\t<p>El de <strong>Bitcoin Synergy<\/strong>La informaci\u00f3n proporcionada en este sitio web por , sus empresas afiliadas, colaboradores, autores o socios (colectivamente \u201cnosotros\u201d, \u201cnos\u201d o \u201cnuestro\u201d) es s\u00f3lo para fines informativos y educativos generales.<\/p>\t\t\t\t\t\t\t\t<\/div>\n\t\t\t\t<\/div>\n\t\t\t\t<div class=\"elementor-element elementor-element-7cbd1a0 elementor-widget elementor-widget-heading\" data-id=\"7cbd1a0\" data-element_type=\"widget\" data-e-type=\"widget\" data-widget_type=\"heading.default\">\n\t\t\t\t<div class=\"elementor-widget-container\">\n\t\t\t\t\t<h2 class=\"elementor-heading-title elementor-size-default\">No es un consejo financiero<\/h2>\t\t\t\t<\/div>\n\t\t\t\t<\/div>\n\t\t\t\t<div class=\"elementor-element elementor-element-1183e3c elementor-widget elementor-widget-text-editor\" data-id=\"1183e3c\" data-element_type=\"widget\" data-e-type=\"widget\" data-widget_type=\"text-editor.default\">\n\t\t\t\t<div class=\"elementor-widget-container\">\n\t\t\t\t\t\t\t\t\t<p>El contenido de este sitio web, incluyendo, entre otros, art\u00edculos, videos, an\u00e1lisis, datos de mercado, gr\u00e1ficos, se\u00f1ales, herramientas y materiales de capacitaci\u00f3n, no constituye asesoramiento financiero, de inversi\u00f3n, legal, fiscal ni de ning\u00fan otro tipo. Nada de lo contenido en este sitio web constituye una recomendaci\u00f3n, solicitud, oferta o respaldo para comprar, vender, mantener o negociar instrumentos financieros, valores, materias primas, divisas, activos digitales o productos de inversi\u00f3n.<\/p>\t\t\t\t\t\t\t\t<\/div>\n\t\t\t\t<\/div>\n\t\t\t\t<div class=\"elementor-element elementor-element-5240b87 elementor-widget elementor-widget-heading\" data-id=\"5240b87\" data-element_type=\"widget\" data-e-type=\"widget\" data-widget_type=\"heading.default\">\n\t\t\t\t<div class=\"elementor-widget-container\">\n\t\t\t\t\t<h2 class=\"elementor-heading-title elementor-size-default\">Confirmaci\u00f3n de riesgo<\/h2>\t\t\t\t<\/div>\n\t\t\t\t<\/div>\n\t\t\t\t<div class=\"elementor-element elementor-element-61f6684 elementor-widget elementor-widget-text-editor\" data-id=\"61f6684\" data-element_type=\"widget\" data-e-type=\"widget\" data-widget_type=\"text-editor.default\">\n\t\t\t\t<div class=\"elementor-widget-container\">\n\t\t\t\t\t\t\t\t\t<p>Operar en los mercados financieros, incluyendo divisas (FX), contratos por diferencia (CFD), criptomonedas, acciones, \u00edndices y otros derivados, conlleva riesgos sustanciales y no es adecuado para todos los inversores. El rendimiento pasado no garantiza resultados futuros. Debe considerar cuidadosamente su situaci\u00f3n financiera y su tolerancia al riesgo antes de comenzar a operar o invertir.<\/p>\t\t\t\t\t\t\t\t<\/div>\n\t\t\t\t<\/div>\n\t\t\t\t<div class=\"elementor-element elementor-element-eff8dfb elementor-widget elementor-widget-heading\" data-id=\"eff8dfb\" data-element_type=\"widget\" data-e-type=\"widget\" data-widget_type=\"heading.default\">\n\t\t\t\t<div class=\"elementor-widget-container\">\n\t\t\t\t\t<h2 class=\"elementor-heading-title elementor-size-default\">Sin responsabilidad<\/h2>\t\t\t\t<\/div>\n\t\t\t\t<\/div>\n\t\t\t\t<div class=\"elementor-element elementor-element-dcb3bbf elementor-widget elementor-widget-text-editor\" data-id=\"dcb3bbf\" data-element_type=\"widget\" data-e-type=\"widget\" data-widget_type=\"text-editor.default\">\n\t\t\t\t<div class=\"elementor-widget-container\">\n\t\t\t\t\t\t\t\t\t<p>No asumimos ninguna responsabilidad por la exactitud, fiabilidad, actualidad, integridad o idoneidad de la informaci\u00f3n contenida en este sitio web. Al utilizar este sitio web, usted acepta expresamente lo siguiente:<\/p><ul><li><strong>Bitcoin Synergy<\/strong>, sus propietarios, empleados, contratistas, funcionarios y socios no son responsables de ninguna p\u00e9rdida, da\u00f1o, costo o gasto que surja directa o indirectamente de su uso de este sitio web o confianza en su contenido;<\/li><li>Usted asume toda la responsabilidad de sus decisiones, transacciones, estrategias y sus resultados.<\/li><\/ul>\t\t\t\t\t\t\t\t<\/div>\n\t\t\t\t<\/div>\n\t\t\t\t<div class=\"elementor-element elementor-element-a5d0a8c elementor-widget elementor-widget-heading\" data-id=\"a5d0a8c\" data-element_type=\"widget\" data-e-type=\"widget\" data-widget_type=\"heading.default\">\n\t\t\t\t<div class=\"elementor-widget-container\">\n\t\t\t\t\t<h2 class=\"elementor-heading-title elementor-size-default\">Revisi\u00f3n independiente<\/h2>\t\t\t\t<\/div>\n\t\t\t\t<\/div>\n\t\t\t\t<div class=\"elementor-element elementor-element-aaee57a elementor-widget elementor-widget-text-editor\" data-id=\"aaee57a\" data-element_type=\"widget\" data-e-type=\"widget\" data-widget_type=\"text-editor.default\">\n\t\t\t\t<div class=\"elementor-widget-container\">\n\t\t\t\t\t\t\t\t\t<p>Debe verificar de forma independiente toda la informaci\u00f3n antes de tomar cualquier medida basada en ella. Esto puede incluir la consulta con un experto financiero, fiscal o legal cualificado.<\/p>\t\t\t\t\t\t\t\t<\/div>\n\t\t\t\t<\/div>\n\t\t\t\t<div class=\"elementor-element elementor-element-7c817ce elementor-widget elementor-widget-heading\" data-id=\"7c817ce\" data-element_type=\"widget\" data-e-type=\"widget\" data-widget_type=\"heading.default\">\n\t\t\t\t<div class=\"elementor-widget-container\">\n\t\t\t\t\t<h2 class=\"elementor-heading-title elementor-size-default\">Sin garant\u00edas<\/h2>\t\t\t\t<\/div>\n\t\t\t\t<\/div>\n\t\t\t\t<div class=\"elementor-element elementor-element-29dc49f elementor-widget elementor-widget-text-editor\" data-id=\"29dc49f\" data-element_type=\"widget\" data-e-type=\"widget\" data-widget_type=\"text-editor.default\">\n\t\t\t\t<div class=\"elementor-widget-container\">\n\t\t\t\t\t\t\t\t\t<p>No ofrecemos garant\u00edas sobre las ganancias, la exactitud de los datos, la integridad del contenido ni el acceso ininterrumpido al sitio web. Podr\u00edan producirse problemas t\u00e9cnicos, errores, omisiones e informaci\u00f3n desactualizada.<\/p>\t\t\t\t\t\t\t\t<\/div>\n\t\t\t\t<\/div>\n\t\t\t\t<div class=\"elementor-element elementor-element-5dd2341 elementor-widget elementor-widget-heading\" data-id=\"5dd2341\" data-element_type=\"widget\" data-e-type=\"widget\" data-widget_type=\"heading.default\">\n\t\t\t\t<div class=\"elementor-widget-container\">\n\t\t\t\t\t<h2 class=\"elementor-heading-title elementor-size-default\">Enlaces externos<\/h2>\t\t\t\t<\/div>\n\t\t\t\t<\/div>\n\t\t\t\t<div class=\"elementor-element elementor-element-12d0dcc elementor-widget elementor-widget-text-editor\" data-id=\"12d0dcc\" data-element_type=\"widget\" data-e-type=\"widget\" data-widget_type=\"text-editor.default\">\n\t\t\t\t<div class=\"elementor-widget-container\">\n\t\t\t\t\t\t\t\t\t<p><strong>Bitcoin Synergy<\/strong> Podemos proporcionar enlaces a sitios web, herramientas o servicios de terceros (\"Sitios Externos\"). Estos enlaces se proporcionan \u00fanicamente para comodidad del usuario. No asumimos ninguna responsabilidad por el contenido, la precisi\u00f3n ni las pr\u00e1cticas de dichos Sitios Externos.<\/p>\t\t\t\t\t\t\t\t<\/div>\n\t\t\t\t<\/div>\n\t\t\t\t<div class=\"elementor-element elementor-element-123b0a4 elementor-widget elementor-widget-heading\" data-id=\"123b0a4\" data-element_type=\"widget\" data-e-type=\"widget\" data-widget_type=\"heading.default\">\n\t\t\t\t<div class=\"elementor-widget-container\">\n\t\t\t\t\t<h2 class=\"elementor-heading-title elementor-size-default\">Tu responsabilidad<\/h2>\t\t\t\t<\/div>\n\t\t\t\t<\/div>\n\t\t\t\t<div class=\"elementor-element elementor-element-64e4fb1 elementor-widget elementor-widget-text-editor\" data-id=\"64e4fb1\" data-element_type=\"widget\" data-e-type=\"widget\" data-widget_type=\"text-editor.default\">\n\t\t\t\t<div class=\"elementor-widget-container\">\n\t\t\t\t\t\t\t\t\t<p>Al acceder o utilizar este sitio web, usted acepta tomar todas las decisiones de inversi\u00f3n bajo su propio riesgo. Exime expresamente a thebitcoinsynergy.de de cualquier responsabilidad por p\u00e9rdidas o da\u00f1os directos o indirectos que pueda sufrir.<br \/><br \/>Si no est\u00e1 de acuerdo con alguna parte de este descargo de responsabilidad, deber\u00e1 dejar de utilizar este sitio web inmediatamente.<\/p>\t\t\t\t\t\t\t\t<\/div>\n\t\t\t\t<\/div>\n\t\t\t\t\t<\/div>\n\t\t\t\t<\/div>\n\t\t\t\t<\/div>","protected":false},"excerpt":{"rendered":"<p>Haftungsausschluss Heim Haftungsausschluss Die von Bitcoin Synergy, seinen verbundenen Unternehmen, Mitwirkenden, Autoren oder Partnern (zusammen \u201ewir\u201c, \u201euns\u201c oder \u201eunser\u201c) auf dieser Website bereitgestellten Informationen dienen ausschlie\u00dflich allgemeinen Informations- und Bildungszwecken. Keine Finanzberatung Die Inhalte dieser Website \u2013 einschlie\u00dflich, aber nicht beschr\u00e4nkt auf Artikel, Videos, Analysen, Marktdaten, Charts, Signale, Tools und Schulungsmaterialien \u2013 stellen keine Finanz-, [&hellip;]<\/p>\n","protected":false},"author":1,"featured_media":0,"parent":0,"menu_order":0,"comment_status":"closed","ping_status":"closed","template":"elementor_header_footer","meta":{"footnotes":""},"class_list":["post-672","page","type-page","status-publish","hentry"],"_links":{"self":[{"href":"https:\/\/thebitcoinsynergy.de\/es\/wp-json\/wp\/v2\/pages\/672","targetHints":{"allow":["GET"]}}],"collection":[{"href":"https:\/\/thebitcoinsynergy.de\/es\/wp-json\/wp\/v2\/pages"}],"about":[{"href":"https:\/\/thebitcoinsynergy.de\/es\/wp-json\/wp\/v2\/types\/page"}],"author":[{"embeddable":true,"href":"https:\/\/thebitcoinsynergy.de\/es\/wp-json\/wp\/v2\/users\/1"}],"replies":[{"embeddable":true,"href":"https:\/\/thebitcoinsynergy.de\/es\/wp-json\/wp\/v2\/comments?post=672"}],"version-history":[{"count":0,"href":"https:\/\/thebitcoinsynergy.de\/es\/wp-json\/wp\/v2\/pages\/672\/revisions"}],"wp:attachment":[{"href":"https:\/\/thebitcoinsynergy.de\/es\/wp-json\/wp\/v2\/media?parent=672"}],"curies":[{"name":"wp","href":"https:\/\/api.w.org\/{rel}","templated":true}]}}