{"id":14,"date":"2025-06-11T05:22:40","date_gmt":"2025-06-11T05:22:40","guid":{"rendered":"https:\/\/thebitcoinsynergy.de\/?page_id=14"},"modified":"2025-06-16T08:12:42","modified_gmt":"2025-06-16T08:12:42","slug":"chi-siamo","status":"publish","type":"page","link":"https:\/\/thebitcoinsynergy.de\/it\/uber-uns\/","title":{"rendered":"Chi siamo"},"content":{"rendered":"<div data-elementor-type=\"wp-page\" data-elementor-id=\"14\" class=\"elementor elementor-14\" data-elementor-post-type=\"page\">\n\t\t\t\t<div class=\"elementor-element elementor-element-493b0cb e-flex e-con-boxed e-con e-parent\" data-id=\"493b0cb\" data-element_type=\"container\" data-e-type=\"container\" data-settings=\"{&quot;background_background&quot;:&quot;classic&quot;}\">\n\t\t\t\t\t<div class=\"e-con-inner\">\n\t\t\t\t<div class=\"elementor-element elementor-element-8af9133 elementor-widget elementor-widget-heading\" data-id=\"8af9133\" data-element_type=\"widget\" data-e-type=\"widget\" data-widget_type=\"heading.default\">\n\t\t\t\t<div class=\"elementor-widget-container\">\n\t\t\t\t\t<h1 class=\"elementor-heading-title elementor-size-default\">Chi siamo<\/h1>\t\t\t\t<\/div>\n\t\t\t\t<\/div>\n\t\t\t\t<div class=\"elementor-element elementor-element-1a32101 elementor-icon-list--layout-inline elementor-list-item-link-full_width elementor-widget elementor-widget-icon-list\" data-id=\"1a32101\" data-element_type=\"widget\" data-e-type=\"widget\" data-widget_type=\"icon-list.default\">\n\t\t\t\t<div class=\"elementor-widget-container\">\n\t\t\t\t\t\t\t<ul class=\"elementor-icon-list-items elementor-inline-items\">\n\t\t\t\t\t\t\t<li class=\"elementor-icon-list-item elementor-inline-item\">\n\t\t\t\t\t\t\t\t\t\t\t<a href=\"https:\/\/thebitcoinsynergy.de\/it\/\">\n\n\t\t\t\t\t\t\t\t\t\t\t\t<span class=\"elementor-icon-list-icon\">\n\t\t\t\t\t\t\t<svg aria-hidden=\"true\" class=\"e-font-icon-svg e-fas-circle\" viewbox=\"0 0 512 512\" xmlns=\"http:\/\/www.w3.org\/2000\/svg\"><path d=\"M256 8C119 8 8 119 8 256s111 248 248 248 248-111 248-248S393 8 256 8z\"><\/path><\/svg>\t\t\t\t\t\t<\/span>\n\t\t\t\t\t\t\t\t\t\t<span class=\"elementor-icon-list-text\">Casa<\/span>\n\t\t\t\t\t\t\t\t\t\t\t<\/a>\n\t\t\t\t\t\t\t\t\t<\/li>\n\t\t\t\t\t\t\t\t<li class=\"elementor-icon-list-item elementor-inline-item\">\n\t\t\t\t\t\t\t\t\t\t\t<span class=\"elementor-icon-list-icon\">\n\t\t\t\t\t\t\t<svg aria-hidden=\"true\" class=\"e-font-icon-svg e-fas-circle\" viewbox=\"0 0 512 512\" xmlns=\"http:\/\/www.w3.org\/2000\/svg\"><path d=\"M256 8C119 8 8 119 8 256s111 248 248 248 248-111 248-248S393 8 256 8z\"><\/path><\/svg>\t\t\t\t\t\t<\/span>\n\t\t\t\t\t\t\t\t\t\t<span class=\"elementor-icon-list-text\">Chi siamo<\/span>\n\t\t\t\t\t\t\t\t\t<\/li>\n\t\t\t\t\t\t<\/ul>\n\t\t\t\t\t\t<\/div>\n\t\t\t\t<\/div>\n\t\t\t\t\t<\/div>\n\t\t\t\t<\/div>\n\t\t<div class=\"elementor-element elementor-element-1fe11f4 e-flex e-con-boxed e-con e-parent\" data-id=\"1fe11f4\" data-element_type=\"container\" data-e-type=\"container\">\n\t\t\t\t\t<div class=\"e-con-inner\">\n\t\t<div class=\"elementor-element elementor-element-65c7642 e-con-full e-flex e-con e-child\" data-id=\"65c7642\" data-element_type=\"container\" data-e-type=\"container\">\n\t\t\t\t<div class=\"elementor-element elementor-element-b42028c elementor-widget elementor-widget-heading\" data-id=\"b42028c\" data-element_type=\"widget\" data-e-type=\"widget\" data-widget_type=\"heading.default\">\n\t\t\t\t<div class=\"elementor-widget-container\">\n\t\t\t\t\t<h2 class=\"elementor-heading-title elementor-size-default\">Chi siamo<\/h2>\t\t\t\t<\/div>\n\t\t\t\t<\/div>\n\t\t\t\t<div class=\"elementor-element elementor-element-5e7c356 elementor-widget elementor-widget-text-editor\" data-id=\"5e7c356\" data-element_type=\"widget\" data-e-type=\"widget\" data-widget_type=\"text-editor.default\">\n\t\t\t\t<div class=\"elementor-widget-container\">\n\t\t\t\t\t\t\t\t\t<p>Bitcoin Synergy \u00e8 pi\u00f9 di una semplice piattaforma di trading: siamo un team dedicato di innovatori, analisti finanziari ed esperti di tecnologia con una visione condivisa: semplificare e migliorare l'esperienza di trading moderna. Il nostro obiettivo \u00e8 colmare il divario tra gli strumenti di mercato avanzati e gli utenti abituali, offrendo una piattaforma fluida, intelligente e sicura che ti renda pi\u00f9 autonomo.<\/p><p>Abbiamo sviluppato Bitcoin Synergy con una forte attenzione alla semplicit\u00e0 d'uso, alla trasparenza e all'affidabilit\u00e0. Che tu stia provando la tua prima strategia o gestendo sistemi complessi e automatizzati, la nostra piattaforma si adatta al tuo livello e alle tue esigenze. Crediamo che il trading debba essere informato, flessibile e accessibile, non opprimente. Ecco perch\u00e9 offriamo potenti funzionalit\u00e0 con dati in tempo reale, un team di supporto reattivo e aggiornamenti continui per tenerti al passo con le tendenze del mercato.<\/p>\t\t\t\t\t\t\t\t<\/div>\n\t\t\t\t<\/div>\n\t\t\t\t<\/div>\n\t\t<div class=\"elementor-element elementor-element-cb87b36 e-con-full e-flex e-con e-child\" data-id=\"cb87b36\" data-element_type=\"container\" data-e-type=\"container\">\n\t\t\t\t<div class=\"elementor-element elementor-element-d567bee elementor-widget elementor-widget-image\" data-id=\"d567bee\" data-element_type=\"widget\" data-e-type=\"widget\" data-widget_type=\"image.default\">\n\t\t\t\t<div class=\"elementor-widget-container\">\n\t\t\t\t\t\t\t\t\t\t\t\t\t\t\t<img fetchpriority=\"high\" decoding=\"async\" width=\"500\" height=\"461\" src=\"https:\/\/thebitcoinsynergy.de\/wp-content\/uploads\/2025\/06\/indian-rupee-coins-falling_23-21-removebg-preview-e1749640789574.webp\" class=\"attachment-large size-large wp-image-160\" alt=\"Bitcoin-Synergie investition\" srcset=\"https:\/\/thebitcoinsynergy.de\/wp-content\/uploads\/2025\/06\/indian-rupee-coins-falling_23-21-removebg-preview-e1749640789574.webp 500w, https:\/\/thebitcoinsynergy.de\/wp-content\/uploads\/2025\/06\/indian-rupee-coins-falling_23-21-removebg-preview-e1749640789574-300x277.webp 300w\" sizes=\"(max-width: 500px) 100vw, 500px\" \/>\t\t\t\t\t\t\t\t\t\t\t\t\t\t\t<\/div>\n\t\t\t\t<\/div>\n\t\t\t\t<\/div>\n\t\t\t\t\t<\/div>\n\t\t\t\t<\/div>\n\t\t<div class=\"elementor-element elementor-element-9ab52e0 e-flex e-con-boxed e-con e-parent\" data-id=\"9ab52e0\" data-element_type=\"container\" data-e-type=\"container\">\n\t\t\t\t\t<div class=\"e-con-inner\">\n\t\t<div class=\"elementor-element elementor-element-efd567e e-con-full e-flex e-con e-child\" data-id=\"efd567e\" data-element_type=\"container\" data-e-type=\"container\" data-settings=\"{&quot;background_background&quot;:&quot;classic&quot;}\">\n\t\t\t\t<div class=\"elementor-element elementor-element-f1b9a8b elementor-widget elementor-widget-heading\" data-id=\"f1b9a8b\" data-element_type=\"widget\" data-e-type=\"widget\" data-widget_type=\"heading.default\">\n\t\t\t\t<div class=\"elementor-widget-container\">\n\t\t\t\t\t<h2 class=\"elementor-heading-title elementor-size-default\">\ud83c\udfaf La nostra missione<\/h2>\t\t\t\t<\/div>\n\t\t\t\t<\/div>\n\t\t\t\t<div class=\"elementor-element elementor-element-252ecd0 elementor-widget elementor-widget-text-editor\" data-id=\"252ecd0\" data-element_type=\"widget\" data-e-type=\"widget\" data-widget_type=\"text-editor.default\">\n\t\t\t\t<div class=\"elementor-widget-container\">\n\t\t\t\t\t\t\t\t\t<p>La nostra missione in Bitcoin Synergy \u00e8 semplice: rendere gli strumenti di trading avanzati accessibili, affidabili ed efficaci per tutti. Ci impegniamo a rimuovere le barriere che rendono difficile l'accesso al mondo della finanza digitale. Combinando una tecnologia potente con un design intuitivo, miriamo a consentire agli utenti di prendere il controllo della propria crescita finanziaria.<\/p><p>Crediamo che il trading non debba essere riservato a esperti o istituzioni. Tutti meritano l'accesso a strumenti intelligenti, sistemi sicuri e alla guida necessaria per avere successo in mercati in rapida evoluzione. Ecco perch\u00e9 sviluppiamo, perfezioniamo e supportiamo costantemente la nostra piattaforma, non solo per seguire le tendenze, ma per progredire con determinazione e impatto.<\/p>\t\t\t\t\t\t\t\t<\/div>\n\t\t\t\t<\/div>\n\t\t\t\t<\/div>\n\t\t<div class=\"elementor-element elementor-element-c12a4f9 e-con-full e-flex e-con e-child\" data-id=\"c12a4f9\" data-element_type=\"container\" data-e-type=\"container\" data-settings=\"{&quot;background_background&quot;:&quot;classic&quot;}\">\n\t\t\t\t<div class=\"elementor-element elementor-element-4f1a5ab elementor-widget elementor-widget-heading\" data-id=\"4f1a5ab\" data-element_type=\"widget\" data-e-type=\"widget\" data-widget_type=\"heading.default\">\n\t\t\t\t<div class=\"elementor-widget-container\">\n\t\t\t\t\t<h2 class=\"elementor-heading-title elementor-size-default\">\ud83d\ude80 Ci\u00f2 che ci distingue<\/h2>\t\t\t\t<\/div>\n\t\t\t\t<\/div>\n\t\t\t\t<div class=\"elementor-element elementor-element-bd268e6 elementor-widget elementor-widget-text-editor\" data-id=\"bd268e6\" data-element_type=\"widget\" data-e-type=\"widget\" data-widget_type=\"text-editor.default\">\n\t\t\t\t<div class=\"elementor-widget-container\">\n\t\t\t\t\t\t\t\t\t<p>In Bitcoin Synergy, non ci limitiamo a seguire il concetto standard di piattaforma di trading, ma ridefiniamo il trading digitale moderno. Fin dall'inizio, ci siamo concentrati sullo sviluppo di una soluzione che combinasse innovazione e facilit\u00e0 d'uso, prestazioni e trasparenza, automazione e controllo da parte dell'utente.<\/p><p>Ci\u00f2 che ci distingue davvero \u00e8 il nostro impegno per l'adattabilit\u00e0. I \u200b\u200bmercati si evolvono, la tecnologia avanza e le aspettative degli utenti aumentano, e con noi. Ogni funzionalit\u00e0 che sviluppiamo, ogni aggiornamento che rilasciamo e ogni richiesta di supporto che gestiamo riflette la nostra convinzione fondamentale: i nostri utenti meritano una piattaforma che si evolva con loro. Non siamo solo un'altra opzione: vogliamo fare la differenza.<\/p>\t\t\t\t\t\t\t\t<\/div>\n\t\t\t\t<\/div>\n\t\t\t\t<\/div>\n\t\t\t\t\t<\/div>\n\t\t\t\t<\/div>\n\t\t<div class=\"elementor-element elementor-element-88ec95b e-flex e-con-boxed e-con e-parent\" data-id=\"88ec95b\" data-element_type=\"container\" data-e-type=\"container\">\n\t\t\t\t\t<div class=\"e-con-inner\">\n\t\t\t\t<div class=\"elementor-element elementor-element-9110948 elementor-widget elementor-widget-heading\" data-id=\"9110948\" data-element_type=\"widget\" data-e-type=\"widget\" data-widget_type=\"heading.default\">\n\t\t\t\t<div class=\"elementor-widget-container\">\n\t\t\t\t\t<h2 class=\"elementor-heading-title elementor-size-default\">Nostro<span style=\"color: #f7b112\"> fidanzamento <\/span> a te<\/h2>\t\t\t\t<\/div>\n\t\t\t\t<\/div>\n\t\t\t\t<div class=\"elementor-element elementor-element-a2b1b95 elementor-widget elementor-widget-text-editor\" data-id=\"a2b1b95\" data-element_type=\"widget\" data-e-type=\"widget\" data-widget_type=\"text-editor.default\">\n\t\t\t\t<div class=\"elementor-widget-container\">\n\t\t\t\t\t\t\t\t\t<p>In Bitcoin Synergy, i nostri utenti sono al centro di tutto ci\u00f2 che facciamo. Non ci limitiamo a fornire una piattaforma: costruiamo un rapporto a lungo termine basato su fiducia, trasparenza e risultati. Che tu stia muovendo i primi passi nel trading digitale o ottimizzando una strategia avanzata, ti supportiamo con integrit\u00e0 e impegno.<\/p><p>Da esperienze utente fluide a un supporto rapido e reattivo, facciamo di tutto per farti sentire al sicuro e protetto. Il nostro team lavora costantemente dietro le quinte per migliorare le prestazioni del sistema, introdurre funzionalit\u00e0 intelligenti e fornirti le informazioni necessarie per prendere decisioni consapevoli. Perch\u00e9 con la tua crescita, cresciamo anche noi, e prendiamo questa responsabilit\u00e0 sul serio.<\/p>\t\t\t\t\t\t\t\t<\/div>\n\t\t\t\t<\/div>\n\t\t\t\t\t<\/div>\n\t\t\t\t<\/div>\n\t\t\t\t<\/div>","protected":false},"excerpt":{"rendered":"<p>About Us Home About Us Who We Are At Bitcoin Synergy, we\u2019re more than just a trading platform \u2014 we\u2019re a team of innovators, analysts, and technology specialists dedicated to simplifying the digital trading experience. Our mission is to empower individuals by providing intelligent tools, secure infrastructure, and a user-focused interface that makes modern trading [&hellip;]<\/p>\n","protected":false},"author":1,"featured_media":0,"parent":0,"menu_order":0,"comment_status":"closed","ping_status":"closed","template":"elementor_header_footer","meta":{"footnotes":""},"class_list":["post-14","page","type-page","status-publish","hentry"],"_links":{"self":[{"href":"https:\/\/thebitcoinsynergy.de\/it\/wp-json\/wp\/v2\/pages\/14","targetHints":{"allow":["GET"]}}],"collection":[{"href":"https:\/\/thebitcoinsynergy.de\/it\/wp-json\/wp\/v2\/pages"}],"about":[{"href":"https:\/\/thebitcoinsynergy.de\/it\/wp-json\/wp\/v2\/types\/page"}],"author":[{"embeddable":true,"href":"https:\/\/thebitcoinsynergy.de\/it\/wp-json\/wp\/v2\/users\/1"}],"replies":[{"embeddable":true,"href":"https:\/\/thebitcoinsynergy.de\/it\/wp-json\/wp\/v2\/comments?post=14"}],"version-history":[{"count":0,"href":"https:\/\/thebitcoinsynergy.de\/it\/wp-json\/wp\/v2\/pages\/14\/revisions"}],"wp:attachment":[{"href":"https:\/\/thebitcoinsynergy.de\/it\/wp-json\/wp\/v2\/media?parent=14"}],"curies":[{"name":"wp","href":"https:\/\/api.w.org\/{rel}","templated":true}]}}