{"id":20,"date":"2025-06-11T05:23:44","date_gmt":"2025-06-11T05:23:44","guid":{"rendered":"https:\/\/thebitcoinsynergy.de\/?page_id=20"},"modified":"2025-06-17T08:12:29","modified_gmt":"2025-06-17T08:12:29","slug":"termini-e-condizioni","status":"publish","type":"page","link":"https:\/\/thebitcoinsynergy.de\/it\/geschaftsbedingungen\/","title":{"rendered":"Gesch\u00e4ftsbedingungen"},"content":{"rendered":"<div data-elementor-type=\"wp-page\" data-elementor-id=\"20\" class=\"elementor elementor-20\" data-elementor-post-type=\"page\">\n\t\t\t\t<div class=\"elementor-element elementor-element-e555bff e-flex e-con-boxed e-con e-parent\" data-id=\"e555bff\" data-element_type=\"container\" data-e-type=\"container\" data-settings=\"{&quot;background_background&quot;:&quot;classic&quot;}\">\n\t\t\t\t\t<div class=\"e-con-inner\">\n\t\t\t\t<div class=\"elementor-element elementor-element-779ad8a elementor-widget elementor-widget-heading\" data-id=\"779ad8a\" data-element_type=\"widget\" data-e-type=\"widget\" data-widget_type=\"heading.default\">\n\t\t\t\t<div class=\"elementor-widget-container\">\n\t\t\t\t\t<h1 class=\"elementor-heading-title elementor-size-default\">Termini e condizioni generali di contratto<\/h1>\t\t\t\t<\/div>\n\t\t\t\t<\/div>\n\t\t\t\t<div class=\"elementor-element elementor-element-6a371df elementor-icon-list--layout-inline elementor-list-item-link-full_width elementor-widget elementor-widget-icon-list\" data-id=\"6a371df\" data-element_type=\"widget\" data-e-type=\"widget\" data-widget_type=\"icon-list.default\">\n\t\t\t\t<div class=\"elementor-widget-container\">\n\t\t\t\t\t\t\t<ul class=\"elementor-icon-list-items elementor-inline-items\">\n\t\t\t\t\t\t\t<li class=\"elementor-icon-list-item elementor-inline-item\">\n\t\t\t\t\t\t\t\t\t\t\t<a href=\"https:\/\/thebitcoinsynergy.de\/it\/\">\n\n\t\t\t\t\t\t\t\t\t\t\t\t<span class=\"elementor-icon-list-icon\">\n\t\t\t\t\t\t\t<svg aria-hidden=\"true\" class=\"e-font-icon-svg e-fas-circle\" viewbox=\"0 0 512 512\" xmlns=\"http:\/\/www.w3.org\/2000\/svg\"><path d=\"M256 8C119 8 8 119 8 256s111 248 248 248 248-111 248-248S393 8 256 8z\"><\/path><\/svg>\t\t\t\t\t\t<\/span>\n\t\t\t\t\t\t\t\t\t\t<span class=\"elementor-icon-list-text\">Casa<\/span>\n\t\t\t\t\t\t\t\t\t\t\t<\/a>\n\t\t\t\t\t\t\t\t\t<\/li>\n\t\t\t\t\t\t\t\t<li class=\"elementor-icon-list-item elementor-inline-item\">\n\t\t\t\t\t\t\t\t\t\t\t<span class=\"elementor-icon-list-icon\">\n\t\t\t\t\t\t\t<svg aria-hidden=\"true\" class=\"e-font-icon-svg e-fas-circle\" viewbox=\"0 0 512 512\" xmlns=\"http:\/\/www.w3.org\/2000\/svg\"><path d=\"M256 8C119 8 8 119 8 256s111 248 248 248 248-111 248-248S393 8 256 8z\"><\/path><\/svg>\t\t\t\t\t\t<\/span>\n\t\t\t\t\t\t\t\t\t\t<span class=\"elementor-icon-list-text\">Termini e condizioni generali di contratto<\/span>\n\t\t\t\t\t\t\t\t\t<\/li>\n\t\t\t\t\t\t<\/ul>\n\t\t\t\t\t\t<\/div>\n\t\t\t\t<\/div>\n\t\t\t\t\t<\/div>\n\t\t\t\t<\/div>\n\t\t<div class=\"elementor-element elementor-element-e5c7e7d e-flex e-con-boxed e-con e-parent\" data-id=\"e5c7e7d\" data-element_type=\"container\" data-e-type=\"container\">\n\t\t\t\t\t<div class=\"e-con-inner\">\n\t\t\t\t<div class=\"elementor-element elementor-element-5e14c96 elementor-widget elementor-widget-heading\" data-id=\"5e14c96\" data-element_type=\"widget\" data-e-type=\"widget\" data-widget_type=\"heading.default\">\n\t\t\t\t<div class=\"elementor-widget-container\">\n\t\t\t\t\t<h2 class=\"elementor-heading-title elementor-size-default\">1. Generale<\/h2>\t\t\t\t<\/div>\n\t\t\t\t<\/div>\n\t\t\t\t<div class=\"elementor-element elementor-element-990d8db elementor-widget elementor-widget-text-editor\" data-id=\"990d8db\" data-element_type=\"widget\" data-e-type=\"widget\" data-widget_type=\"text-editor.default\">\n\t\t\t\t<div class=\"elementor-widget-container\">\n\t\t\t\t\t\t\t\t\t<p>1.1. Benvenuti a <a style=\"color: #21212;\" href=\"https:\/\/thebitcoinsynergy.de\/it\/\">https:\/\/thebitcoinsynergy.de\/<\/a> (il \u201cSito Web\u201d).<\/p><p>1.2. Il Sito Web contiene informazioni su piattaforme di terze parti (le \"Piattaforme di terze parti\"), tra cui offerte formative su tecniche di investimento generali o ricerche di mercato. Bitcoin Synergy funge da intermediario e mette in contatto gli utenti con queste Piattaforme di terze parti (i \"Servizi\").<\/p><p>1.3. Le presenti Condizioni d'Uso (le \"Condizioni\") regolano l'utilizzo del Sito Web e dei Servizi da parte dell'utente (\"tu\", \"tuo\/a\/i\/e\" o \"Utente\"). L'utente \u00e8 tenuto a leggere attentamente e integralmente le presenti Condizioni prima di utilizzare i Servizi. Si prega di notare che le presenti Condizioni costituiscono un accordo legalmente vincolante tra l'utente e il gestore del Sito Web (<a style=\"color: #21212;\" href=\"mailto:info@thebitcoinsynergy.de\">info@thebitcoinsynergy.de<\/a>). Se non accetti una qualsiasi disposizione dei presenti Termini, devi interrompere immediatamente l'utilizzo del Sito Web. Utilizzando il Sito Web, accetti di essere vincolato dai Termini e dalle relative modifiche di volta in volta.<\/p><p>Questi Termini incorporano la nostra Informativa sulla privacy e accettando questi Termini, confermi di accettare e acconsentire anche alla nostra Informativa sulla privacy (puoi visualizzare la nostra Informativa sulla privacy tramite <a style=\"color: #21212;\" href=\"https:\/\/thebitcoinsynergy.de\/it\/privacy-policy\/\">clicca qui<\/a>).<\/p>\t\t\t\t\t\t\t\t<\/div>\n\t\t\t\t<\/div>\n\t\t\t\t<div class=\"elementor-element elementor-element-6bb6e0d elementor-widget elementor-widget-heading\" data-id=\"6bb6e0d\" data-element_type=\"widget\" data-e-type=\"widget\" data-widget_type=\"heading.default\">\n\t\t\t\t<div class=\"elementor-widget-container\">\n\t\t\t\t\t<h2 class=\"elementor-heading-title elementor-size-default\">2. Descrizione dei servizi<\/h2>\t\t\t\t<\/div>\n\t\t\t\t<\/div>\n\t\t\t\t<div class=\"elementor-element elementor-element-631a6ac elementor-widget elementor-widget-text-editor\" data-id=\"631a6ac\" data-element_type=\"widget\" data-e-type=\"widget\" data-widget_type=\"text-editor.default\">\n\t\t\t\t<div class=\"elementor-widget-container\">\n\t\t\t\t\t\t\t\t\t<p>2.1. Non siamo una piattaforma di trading e non ti mettiamo in contatto con alcuna di queste piattaforme, a meno che tale piattaforma non si impegni a fornirti esclusivamente servizi educativi o ricerche di mercato.<br \/>2.2. Operiamo in qualit\u00e0 di intermediari per metterti in contatto con un fornitore di servizi che pu\u00f2 offrirti contenuti formativi su tecniche di investimento generali o ricerche di mercato nei settori di tuo interesse.<br \/>2.3. Ein Vertreter des oben genannten Dienstleisters wird Sie kontaktieren, nachdem Sie sich auf unserer Website registriert und vollst\u00e4ndige und korrekte Angaben gemacht haben.<br \/>2.4. Il ruolo del rappresentante di cui al punto 2.3 \u00e8 quello di informarvi sulle tecniche di investimento generali che corrispondono ai vostri interessi o sono attualmente in voga e di migliorare la vostra comprensione delle strategie di investimento.<\/p>\t\t\t\t\t\t\t\t<\/div>\n\t\t\t\t<\/div>\n\t\t\t\t<div class=\"elementor-element elementor-element-88ced9f elementor-widget elementor-widget-heading\" data-id=\"88ced9f\" data-element_type=\"widget\" data-e-type=\"widget\" data-widget_type=\"heading.default\">\n\t\t\t\t<div class=\"elementor-widget-container\">\n\t\t\t\t\t<h2 class=\"elementor-heading-title elementor-size-default\">3. Idoneit\u00e0<\/h2>\t\t\t\t<\/div>\n\t\t\t\t<\/div>\n\t\t\t\t<div class=\"elementor-element elementor-element-449b964 elementor-widget elementor-widget-text-editor\" data-id=\"449b964\" data-element_type=\"widget\" data-e-type=\"widget\" data-widget_type=\"text-editor.default\">\n\t\t\t\t<div class=\"elementor-widget-container\">\n\t\t\t\t\t\t\t\t\t<p>3.1. Sei autorizzato a utilizzare il Sito Web e i Servizi solo se soddisfi tutte le seguenti condizioni:<br \/>3.1.1 Hai almeno 18 anni;<br \/>3.1.2 Lei ha il diritto, \u00e8 autorizzato ed \u00e8 legalmente competente ad accettare i presenti Termini e a rispettare tutti i termini e le condizioni in essi contenuti;<br \/>3.1.3 L'utilizzo del Sito Web e\/o dei Servizi non \u00e8 proibito dalle leggi del Paese in cui risiedi o in cui ti trovi durante l'utilizzo del Sito Web.<\/p>\t\t\t\t\t\t\t\t<\/div>\n\t\t\t\t<\/div>\n\t\t\t\t<div class=\"elementor-element elementor-element-3dce900 elementor-widget elementor-widget-heading\" data-id=\"3dce900\" data-element_type=\"widget\" data-e-type=\"widget\" data-widget_type=\"heading.default\">\n\t\t\t\t<div class=\"elementor-widget-container\">\n\t\t\t\t\t<h2 class=\"elementor-heading-title elementor-size-default\">4. Aree riservate<\/h2>\t\t\t\t<\/div>\n\t\t\t\t<\/div>\n\t\t\t\t<div class=\"elementor-element elementor-element-6bf5fba elementor-widget elementor-widget-text-editor\" data-id=\"6bf5fba\" data-element_type=\"widget\" data-e-type=\"widget\" data-widget_type=\"text-editor.default\">\n\t\t\t\t<div class=\"elementor-widget-container\">\n\t\t\t\t\t\t\t\t\t<p>4.1 Fatto salvo quanto precede, potremmo limitare la disponibilit\u00e0 del Sito Web e\/o dei Servizi (o di qualsiasi loro parte) agli utenti in territori in cui il quadro giuridico e normativo \u00e8 incompatibile con la fornitura dei Servizi.<br \/>4.2. Potremmo imporre requisiti o condizioni aggiuntivi prima di accettare utenti residenti in o provenienti da determinati Paesi, se necessario per rispettare le leggi di quel territorio. Inoltre, riconosciamo che se gli utenti si recano nei territori soggetti a restrizioni, il Sito e\/o i Servizi potrebbero non essere disponibili e\/o bloccati.<\/p>\t\t\t\t\t\t\t\t<\/div>\n\t\t\t\t<\/div>\n\t\t\t\t<div class=\"elementor-element elementor-element-905bf48 elementor-widget elementor-widget-heading\" data-id=\"905bf48\" data-element_type=\"widget\" data-e-type=\"widget\" data-widget_type=\"heading.default\">\n\t\t\t\t<div class=\"elementor-widget-container\">\n\t\t\t\t\t<h2 class=\"elementor-heading-title elementor-size-default\">5. Attivit\u00e0 proibite<\/h2>\t\t\t\t<\/div>\n\t\t\t\t<\/div>\n\t\t\t\t<div class=\"elementor-element elementor-element-ad10a31 elementor-widget elementor-widget-text-editor\" data-id=\"ad10a31\" data-element_type=\"widget\" data-e-type=\"widget\" data-widget_type=\"text-editor.default\">\n\t\t\t\t<div class=\"elementor-widget-container\">\n\t\t\t\t\t\t\t\t\t<p>5.1 L'utente accetta di utilizzare il Sito Web e i Servizi in modo rispettoso e di non:<br \/>5.1.1 Collegarsi al Sito Web e\/o utilizzare il Sito Web per (a) caricare, scaricare, distribuire, pubblicare o trasmettere informazioni o altro materiale in modo da violare qualsiasi diritto, inclusi i diritti di propriet\u00e0 intellettuale, i diritti alla privacy o qualsiasi altro diritto; (b) informazioni o altro materiale la cui pubblicazione o utilizzo \u00e8 proibito perch\u00e9 minaccioso, dannoso, offensivo, calunnioso, diffamatorio, razzista o inappropriato; (c) informazioni o altro materiale che contengano un virus o altro software che possa danneggiare i nostri sistemi informatici o quelli di terze parti o in qualsiasi modo limitare o impedire ad altri di utilizzare il Sito Web; (d) informazioni o altro materiale che violino qualsiasi legge; o (e) informazioni o altro materiale che contengano pubblicit\u00e0 di qualsiasi tipo senza il nostro previo consenso scritto;<br \/>5.1.2. eliminare o alterare qualsiasi attribuzione, avviso legale o altra designazione o contrassegno proprietario sul Sito Web;<br \/>5.1.3 Utilizzare i Servizi tramite un'interfaccia diversa dal Sito Web;<br \/>5.1.4. Interferire con l'utilizzo del Sito Web e\/o dei Servizi da parte di altri utenti;<br \/>5.1.5. Utilizzare bot o altri metodi automatizzati per accedere o utilizzare il Sito Web e\/o i Servizi;<br \/>5.1.6. Caricare o trasmettere (o tentare di caricare o trasmettere) qualsiasi materiale che agisca come meccanismo passivo o attivo di raccolta o trasmissione di informazioni, inclusi, a titolo esemplificativo ma non esaustivo, web bug, cookie o simili dispositivi spyware senza la nostra espressa autorizzazione;<br \/>5.1.7 \u201cFraming\u201d, \u201cmirroring\u201d o altrimenti simulare l\u2019aspetto o la funzionalit\u00e0 dei Servizi;<br \/>5.1.8 Violare qualsiasi legge o regolamento applicabile, promuovere o assistere qualsiasi attivit\u00e0 illegale, incluse, a titolo esemplificativo ma non esaustivo, la violazione del copyright, la violazione del marchio, la diffamazione, l'invasione della privacy, il furto di identit\u00e0, l'hacking, il cracking o la distribuzione di software contraffatto;<br \/>5.1.9 Apportare modifiche al codice sorgente del Sito Web e\/o interferire con esso in alcun modo, nonch\u00e9 caricare software e\/o applicazioni che danneggino o possano danneggiare il Sito Web o terze parti;<br \/>5.1.10. Disassemblare, decompilare o altrimenti sottoporre a reverse engineering qualsiasi software o altra tecnologia contenuta nel Sito Web o utilizzata per fornire i Servizi.<br \/>5.2. L'utente riconosce che, senza pregiudicare altri eventuali diritti a nostro favore, potremmo interrompere l'accesso dell'utente al Sito Web e\/o ai Servizi qualora determinassimo che l'utilizzo del Sito Web non \u00e8 conforme alle disposizioni dei presenti Termini o alla legge applicabile.<\/p>\t\t\t\t\t\t\t\t<\/div>\n\t\t\t\t<\/div>\n\t\t\t\t<div class=\"elementor-element elementor-element-f2712ee elementor-widget elementor-widget-heading\" data-id=\"f2712ee\" data-element_type=\"widget\" data-e-type=\"widget\" data-widget_type=\"heading.default\">\n\t\t\t\t<div class=\"elementor-widget-container\">\n\t\t\t\t\t<h2 class=\"elementor-heading-title elementor-size-default\">6. Diritti di propriet\u00e0 intellettuale<\/h2>\t\t\t\t<\/div>\n\t\t\t\t<\/div>\n\t\t\t\t<div class=\"elementor-element elementor-element-108bf5d elementor-widget elementor-widget-text-editor\" data-id=\"108bf5d\" data-element_type=\"widget\" data-e-type=\"widget\" data-widget_type=\"text-editor.default\">\n\t\t\t\t<div class=\"elementor-widget-container\">\n\t\t\t\t\t\t\t\t\t<p>6.1 Il Sito Web e i suoi contenuti, compresi materiale video, testi, fotografie, loghi, design, musica, suoni, immagini, marchi commerciali e altri contenuti del Sito Web, sono protetti dai nostri diritti di propriet\u00e0 intellettuale o da quelli di terze parti.<br \/>6.2. Nel rapporto tra noi e l'Utente, ci riserviamo tutti i diritti, i titoli e gli interessi sul Sito Web e sui Servizi. Utilizzando il Sito Web e\/o i Servizi, l'Utente non acquisisce alcun diritto di propriet\u00e0 intellettuale contenuto nel Sito Web e\/o nei Servizi, ad eccezione del diritto di utilizzare il Sito Web e\/o i Servizi in conformit\u00e0 con i termini delle presenti Condizioni.<br \/>6.3 L'Utente pu\u00f2 utilizzare il Sito Web e\/o i Servizi solo per uso personale e non commerciale.<br \/>6.4 Non puoi, n\u00e9 puoi consentire a terzi di, modificare, decompilare, disassemblare, sottoporre a reverse engineering, copiare, trasmettere, creare lavori derivati \u200b\u200bda, noleggiare, concedere in sublicenza, distribuire, riprodurre, inquadrare, ripubblicare, estrarre, scaricare, visualizzare, trasmettere, pubblicare, noleggiare o vendere alcun Contenuto del Sito Web, in tutto o in parte, per scopi diversi dall'utilizzo del Sito Web o dei Servizi in conformit\u00e0 con i Termini, o altrimenti sfruttarlo senza il nostro espresso consenso scritto.<\/p>\t\t\t\t\t\t\t\t<\/div>\n\t\t\t\t<\/div>\n\t\t\t\t<div class=\"elementor-element elementor-element-1ae4cad elementor-widget elementor-widget-heading\" data-id=\"1ae4cad\" data-element_type=\"widget\" data-e-type=\"widget\" data-widget_type=\"heading.default\">\n\t\t\t\t<div class=\"elementor-widget-container\">\n\t\t\t\t\t<h2 class=\"elementor-heading-title elementor-size-default\">7. Limitazione di responsabilit\u00e0<\/h2>\t\t\t\t<\/div>\n\t\t\t\t<\/div>\n\t\t\t\t<div class=\"elementor-element elementor-element-ac51f82 elementor-widget elementor-widget-text-editor\" data-id=\"ac51f82\" data-element_type=\"widget\" data-e-type=\"widget\" data-widget_type=\"text-editor.default\">\n\t\t\t\t<div class=\"elementor-widget-container\">\n\t\t\t\t\t\t\t\t\t<p>7.1 Non saremo responsabili per alcuna perdita o danno risultante dalla mancata esecuzione o dall'esecuzione impropria dei presenti Termini e Condizioni causati da (i) te, (ii) l'atto imprevedibile e insormontabile di una terza parte o (iii) forza maggiore.<\/p><p>7.2 I presenti Termini non escludono n\u00e9 limitano la nostra responsabilit\u00e0 nei tuoi confronti nei casi in cui ci\u00f2 sarebbe illegale, inclusi, a titolo esemplificativo ma non esaustivo:<\/p><p>(i) morte o lesioni personali derivanti dalla nostra negligenza,<\/p><p>(ii) frode o falsa dichiarazione e<\/p><p>(iii) qualsiasi altra responsabilit\u00e0 che non pu\u00f2 essere esclusa o limitata ai sensi della legge francese.<\/p><p>7.3 Fatto salvo quanto precede, non ci assumiamo alcuna responsabilit\u00e0 per eventuali bug, virus, trojan horse o simili trasmessi da terze parti al Sito Web o ai Servizi o tramite essi, a meno che non siamo in colpa.<\/p><p>7.4 Faremo del nostro meglio per garantire che il Sito Web sia privo di errori, inesattezze o inesattezze in qualsiasi contenuto. Qualora si verificassero tali errori, inesattezze o inesattezze, li correggeremo tempestivamente.<br \/>7.5 L'utente accetta di risarcirci per eventuali danni causati a terzi in relazione al Sito Web e\/o ai Servizi derivanti dalla violazione dei presenti Termini da parte dell'utente.<br \/>7.6. Non siamo responsabili per eventuali problemi o malfunzionamenti tecnici di linee telefoniche o di rete, sistemi informatici online, server o provider, hardware, software, guasti dovuti a problemi tecnici o congestione del traffico Internet (o indisponibilit\u00e0 di Internet), o incompatibilit\u00e0 tra il Sito Web o i Servizi e il browser e\/o altri dispositivi. Fatto salvo quanto precede, non ci assumiamo alcuna responsabilit\u00e0 o rischio per l'utilizzo di Internet da parte dell'utente.<\/p>\t\t\t\t\t\t\t\t<\/div>\n\t\t\t\t<\/div>\n\t\t\t\t<div class=\"elementor-element elementor-element-5746360 elementor-widget elementor-widget-heading\" data-id=\"5746360\" data-element_type=\"widget\" data-e-type=\"widget\" data-widget_type=\"heading.default\">\n\t\t\t\t<div class=\"elementor-widget-container\">\n\t\t\t\t\t<h2 class=\"elementor-heading-title elementor-size-default\">8. Servizi o contenuti di terze parti<\/h2>\t\t\t\t<\/div>\n\t\t\t\t<\/div>\n\t\t\t\t<div class=\"elementor-element elementor-element-71da38d elementor-widget elementor-widget-text-editor\" data-id=\"71da38d\" data-element_type=\"widget\" data-e-type=\"widget\" data-widget_type=\"text-editor.default\">\n\t\t\t\t<div class=\"elementor-widget-container\">\n\t\t\t\t\t\t\t\t\t<p>8.1 Durante l'utilizzo dei Servizi, potresti visualizzare contenuti o servizi di terze parti, tra cui pubblicit\u00e0 e recensioni su piattaforme di terze parti.<br \/>8.2 Non controlliamo, approviamo o accettiamo la responsabilit\u00e0 per tali contenuti o servizi, e potrebbero non essere sempre accurati o aggiornati.<br \/>8.3 Pertanto, ti consigliamo di verificare in modo indipendente qualsiasi informazione prima di fare affidamento su di essa. Qualsiasi decisione o azione intrapresa sulla base di tali informazioni \u00e8 di tua esclusiva responsabilit\u00e0.<\/p>\t\t\t\t\t\t\t\t<\/div>\n\t\t\t\t<\/div>\n\t\t\t\t<div class=\"elementor-element elementor-element-3503323 elementor-widget elementor-widget-heading\" data-id=\"3503323\" data-element_type=\"widget\" data-e-type=\"widget\" data-widget_type=\"heading.default\">\n\t\t\t\t<div class=\"elementor-widget-container\">\n\t\t\t\t\t<h2 class=\"elementor-heading-title elementor-size-default\">9. Sinistra<\/h2>\t\t\t\t<\/div>\n\t\t\t\t<\/div>\n\t\t\t\t<div class=\"elementor-element elementor-element-1d74cee elementor-widget elementor-widget-text-editor\" data-id=\"1d74cee\" data-element_type=\"widget\" data-e-type=\"widget\" data-widget_type=\"text-editor.default\">\n\t\t\t\t<div class=\"elementor-widget-container\">\n\t\t\t\t\t\t\t\t\t<p>9.1. Il Sito Web pu\u00f2 contenere link, contenuti, pubblicit\u00e0, promozioni, loghi e altri materiali provenienti da altri siti web o software controllati o offerti da terze parti (i \"Link\"). Vi invitiamo a comprendere i rischi associati all'utilizzo di tali siti web, software o materiali prima di accedere, utilizzare, fare affidamento su o acquistare qualsiasi cosa tramite tali siti web o software o sulla base di tali materiali. Questi Link sono forniti esclusivamente per vostra comodit\u00e0 e accettate che in nessun caso saremo responsabili per eventuali perdite o danni causati dal vostro utilizzo o affidamento su qualsiasi contenuto, bene o servizio disponibile su altri siti web o software.<br \/>9.2 L'inclusione di link nel Sito Web non costituisce un'approvazione, autorizzazione, sponsorizzazione, affiliazione o qualsiasi altra associazione tra noi e tali siti Web, software o i loro gestori.<br \/>9.3. Non abbiamo esaminato n\u00e9 la totalit\u00e0 n\u00e9 alcuna parte di questi link e non siamo responsabili del contenuto di alcun sito web o software a cui si fa riferimento. Vi avvertiamo che dovreste considerare i rischi associati all'utilizzo di tali siti web o software prima di accedere, utilizzare, fare affidamento su o acquistare qualsiasi cosa da tali siti web o software. In nessun caso sarete responsabili nei nostri confronti per eventuali perdite o danni derivanti dall'utilizzo o dall'affidamento su qualsiasi contenuto, bene o servizio disponibile su altri siti web.<br \/>9.4 \u00c8 tua responsabilit\u00e0 esaminare i termini e le politiche di tali siti Web di terze parti e ti consigliamo vivamente di esaminarli attentamente prima di interagire con tali terze parti.<\/p>\t\t\t\t\t\t\t\t<\/div>\n\t\t\t\t<\/div>\n\t\t\t\t<div class=\"elementor-element elementor-element-4fff801 elementor-widget elementor-widget-heading\" data-id=\"4fff801\" data-element_type=\"widget\" data-e-type=\"widget\" data-widget_type=\"heading.default\">\n\t\t\t\t<div class=\"elementor-widget-container\">\n\t\t\t\t\t<h2 class=\"elementor-heading-title elementor-size-default\">10. Varie<\/h2>\t\t\t\t<\/div>\n\t\t\t\t<\/div>\n\t\t\t\t<div class=\"elementor-element elementor-element-e0c6fdd elementor-widget elementor-widget-text-editor\" data-id=\"e0c6fdd\" data-element_type=\"widget\" data-e-type=\"widget\" data-widget_type=\"text-editor.default\">\n\t\t\t\t<div class=\"elementor-widget-container\">\n\t\t\t\t\t\t\t\t\t<p>10.1 Potremmo di volta in volta aggiungere, modificare o interrompere i Servizi e\/o introdurre nuovi Servizi con effetto futuro.<br \/>10.2. Potremmo modificare i presenti Termini di volta in volta. In tal caso, ti informeremo pubblicando la versione pi\u00f9 recente e modificando la data in cima a questa pagina. Tutte le modifiche entreranno in vigore al momento della pubblicazione. L'utilizzo continuato del Sito da parte tua dopo l'entrata in vigore di eventuali modifiche costituisce l'accettazione dei Termini aggiornati.<br \/>10.3 L'Utente accetta che la trasmissione di informazioni da o verso il Sito Web non crei alcun rapporto diverso da quello stabilito nei presenti Termini.<br \/>10.4. I presenti Termini e l'Informativa sulla Privacy, come di volta in volta modificati, costituiscono gli unici accordi validi tra noi e l'Utente. Nessuna dichiarazione, promessa, consenso o impegno, scritto o orale, non contenuto nei termini dell'Informativa sulla Privacy sar\u00e0 vincolante per le parti.<br \/>10.5. Qualsiasi mancato o ritardo da parte nostra nell'esercizio di qualsiasi diritto, potere o rimedio non costituir\u00e0 una rinuncia allo stesso, n\u00e9 l'esercizio singolo o parziale di tale diritto, potere o rimedio precluder\u00e0 l'ulteriore esercizio dello stesso o l'esercizio di qualsiasi altro diritto, potere o rimedio.<br \/>10.6 Qualora una qualsiasi disposizione dei presenti Termini venga ritenuta inapplicabile ai sensi della legge applicabile da un tribunale di giurisdizione competente, tale disposizione verr\u00e0 esclusa dai presenti Termini e la parte restante dei presenti Termini verr\u00e0 interpretata come se la disposizione fosse esclusa e applicabile in conformit\u00e0 con i suoi termini; a condizione, tuttavia, che in tal caso i presenti Termini vengano interpretati in modo da dare effetto al significato e all'intento della disposizione esclusa come determinato dal tribunale di giurisdizione competente nella misura massima coerente e consentita dalla legge applicabile.<br \/>10.7. Potremmo trasferire o cedere a terzi i nostri diritti e obblighi ai sensi del presente Contratto, a condizione che ci\u00f2 non pregiudichi i tuoi diritti. Fatto salvo quanto precede, il Sito Web e\/o i Servizi possono anche essere gestiti da terzi. Non puoi trasferire, cedere o impegnare in alcun modo i tuoi diritti o obblighi ai sensi dei presenti Termini.<br \/>10.8 I presenti Termini e Condizioni sono regolati dalla legge francese.<br \/>10.9 Il foro competente esclusivo per tutte le controversie derivanti da o in connessione con i presenti Termini e Condizioni sar\u00e0 il tribunale del luogo di residenza dell'utente.<\/p>\t\t\t\t\t\t\t\t<\/div>\n\t\t\t\t<\/div>\n\t\t\t\t\t<\/div>\n\t\t\t\t<\/div>\n\t\t\t\t<\/div>","protected":false},"excerpt":{"rendered":"<p>Allgemeine Gesch\u00e4ftsbedingungen Heim Allgemeine Gesch\u00e4ftsbedingungen 1. Allgemeines 1.1. Willkommen auf https:\/\/thebitcoinsynergy.de\/ (die \u201eWebsite\u201c). 1.2. Die Website enth\u00e4lt Informationen zu Drittanbieterplattformen (die \u201eDrittanbieterplattformen\u201c), insbesondere zu Bildungsangeboten zu allgemeinen Anlagetechniken oder Marktforschung. Bitcoin Synergy fungiert als Vermittler und verbindet Nutzer mit diesen Drittanbieterplattformen (die \u201eDienste\u201c). 1.3. Diese Nutzungsbedingungen (die \u201eBedingungen\u201c) regeln Ihre (\u201eSie\u201c, \u201eIhr\u201c oder \u201eNutzer\u201c) Nutzung [&hellip;]<\/p>\n","protected":false},"author":1,"featured_media":0,"parent":0,"menu_order":0,"comment_status":"closed","ping_status":"closed","template":"elementor_header_footer","meta":{"footnotes":""},"class_list":["post-20","page","type-page","status-publish","hentry"],"_links":{"self":[{"href":"https:\/\/thebitcoinsynergy.de\/it\/wp-json\/wp\/v2\/pages\/20","targetHints":{"allow":["GET"]}}],"collection":[{"href":"https:\/\/thebitcoinsynergy.de\/it\/wp-json\/wp\/v2\/pages"}],"about":[{"href":"https:\/\/thebitcoinsynergy.de\/it\/wp-json\/wp\/v2\/types\/page"}],"author":[{"embeddable":true,"href":"https:\/\/thebitcoinsynergy.de\/it\/wp-json\/wp\/v2\/users\/1"}],"replies":[{"embeddable":true,"href":"https:\/\/thebitcoinsynergy.de\/it\/wp-json\/wp\/v2\/comments?post=20"}],"version-history":[{"count":0,"href":"https:\/\/thebitcoinsynergy.de\/it\/wp-json\/wp\/v2\/pages\/20\/revisions"}],"wp:attachment":[{"href":"https:\/\/thebitcoinsynergy.de\/it\/wp-json\/wp\/v2\/media?parent=20"}],"curies":[{"name":"wp","href":"https:\/\/api.w.org\/{rel}","templated":true}]}}