{"id":22,"date":"2025-06-11T05:24:09","date_gmt":"2025-06-11T05:24:09","guid":{"rendered":"https:\/\/thebitcoinsynergy.de\/?page_id=22"},"modified":"2025-07-23T11:22:57","modified_gmt":"2025-07-23T11:22:57","slug":"grazie","status":"publish","type":"page","link":"https:\/\/thebitcoinsynergy.de\/it\/danke\/","title":{"rendered":"Danke"},"content":{"rendered":"<div data-elementor-type=\"wp-page\" data-elementor-id=\"22\" class=\"elementor elementor-22\" data-elementor-post-type=\"page\">\n\t\t\t\t<div class=\"elementor-element elementor-element-a0efe6c e-flex e-con-boxed e-con e-parent\" data-id=\"a0efe6c\" data-element_type=\"container\" data-e-type=\"container\" data-settings=\"{&quot;background_background&quot;:&quot;video&quot;,&quot;background_video_link&quot;:&quot;https:\\\/\\\/thebitcoinsynergy.de\\\/wp-content\\\/uploads\\\/2025\\\/06\\\/file.mp4&quot;,&quot;background_play_on_mobile&quot;:&quot;yes&quot;}\">\n\t\t\t\t\t<div class=\"e-con-inner\">\n\t\t<div class=\"elementor-background-video-container\">\n\t\t\t\t\t\t\t<video class=\"elementor-background-video-hosted\" role=\"presentation\" autoplay muted playsinline loop><\/video>\n\t\t\t\t\t<\/div>\t\t<div class=\"elementor-element elementor-element-305ce71 elementor-widget elementor-widget-heading\" data-id=\"305ce71\" data-element_type=\"widget\" data-e-type=\"widget\" data-widget_type=\"heading.default\">\n\t\t\t\t<div class=\"elementor-widget-container\">\n\t\t\t\t\t<h2 class=\"elementor-heading-title elementor-size-default\">Grazie per la tua registrazione!<\/h2>\t\t\t\t<\/div>\n\t\t\t\t<\/div>\n\t\t\t\t<div class=\"elementor-element elementor-element-7b3c2bd elementor-widget elementor-widget-text-editor\" data-id=\"7b3c2bd\" data-element_type=\"widget\" data-e-type=\"widget\" data-widget_type=\"text-editor.default\">\n\t\t\t\t<div class=\"elementor-widget-container\">\n\t\t\t\t\t\t\t\t\t<p>Non vediamo l'ora di darvi il benvenuto! Per offrirvi il miglior servizio possibile, vi chiediamo di essere reperibili telefonicamente. Potremmo aver bisogno di contattarvi per ulteriori informazioni o per discutere i dettagli della vostra registrazione.<\/p><p>Ti contatteremo a breve per rispondere alle tue domande o dubbi. Apprezziamo la tua partecipazione e desideriamo offrirti un'esperienza eccezionale.<\/p><p>Grazie per esserti registrato. Non vediamo l'ora di parlare con te presto!<\/p>\t\t\t\t\t\t\t\t<\/div>\n\t\t\t\t<\/div>\n\t\t\t\t<div class=\"elementor-element elementor-element-a3042d0 elementor-widget elementor-widget-button\" data-id=\"a3042d0\" data-element_type=\"widget\" data-e-type=\"widget\" data-widget_type=\"button.default\">\n\t\t\t\t<div class=\"elementor-widget-container\">\n\t\t\t\t\t\t\t\t\t<div class=\"elementor-button-wrapper\">\n\t\t\t\t\t<a class=\"elementor-button elementor-button-link elementor-size-sm\" href=\"https:\/\/thebitcoinsynergy.de\/it\">\n\t\t\t\t\t\t<span class=\"elementor-button-content-wrapper\">\n\t\t\t\t\t\t\t\t\t<span class=\"elementor-button-text\">Torna alla homepage<\/span>\n\t\t\t\t\t<\/span>\n\t\t\t\t\t<\/a>\n\t\t\t\t<\/div>\n\t\t\t\t\t\t\t\t<\/div>\n\t\t\t\t<\/div>\n\t\t\t\t\t<\/div>\n\t\t\t\t<\/div>\n\t\t\t\t<\/div>","protected":false},"excerpt":{"rendered":"<p>Vielen Dank f\u00fcr Ihre Anmeldung! Wir freuen uns, Sie bei uns begr\u00fc\u00dfen zu d\u00fcrfen! Um Ihnen den bestm\u00f6glichen Service bieten zu k\u00f6nnen, bitten wir Sie, telefonisch erreichbar zu sein. M\u00f6glicherweise m\u00fcssen wir Sie kontaktieren, um weitere Informationen zu erhalten oder Ihre Registrierungsdaten zu besprechen. Wir melden uns in K\u00fcrze bei Ihnen, um Ihre Fragen oder [&hellip;]<\/p>\n","protected":false},"author":1,"featured_media":0,"parent":0,"menu_order":0,"comment_status":"closed","ping_status":"closed","template":"elementor_header_footer","meta":{"footnotes":""},"class_list":["post-22","page","type-page","status-publish","hentry"],"_links":{"self":[{"href":"https:\/\/thebitcoinsynergy.de\/it\/wp-json\/wp\/v2\/pages\/22","targetHints":{"allow":["GET"]}}],"collection":[{"href":"https:\/\/thebitcoinsynergy.de\/it\/wp-json\/wp\/v2\/pages"}],"about":[{"href":"https:\/\/thebitcoinsynergy.de\/it\/wp-json\/wp\/v2\/types\/page"}],"author":[{"embeddable":true,"href":"https:\/\/thebitcoinsynergy.de\/it\/wp-json\/wp\/v2\/users\/1"}],"replies":[{"embeddable":true,"href":"https:\/\/thebitcoinsynergy.de\/it\/wp-json\/wp\/v2\/comments?post=22"}],"version-history":[{"count":0,"href":"https:\/\/thebitcoinsynergy.de\/it\/wp-json\/wp\/v2\/pages\/22\/revisions"}],"wp:attachment":[{"href":"https:\/\/thebitcoinsynergy.de\/it\/wp-json\/wp\/v2\/media?parent=22"}],"curies":[{"name":"wp","href":"https:\/\/api.w.org\/{rel}","templated":true}]}}