{"id":672,"date":"2025-12-29T07:50:55","date_gmt":"2025-12-29T07:50:55","guid":{"rendered":"https:\/\/thebitcoinsynergy.de\/?page_id=672"},"modified":"2025-12-29T08:08:49","modified_gmt":"2025-12-29T08:08:49","slug":"disclaimer","status":"publish","type":"page","link":"https:\/\/thebitcoinsynergy.de\/it\/haftungsausschluss\/","title":{"rendered":"Disclaimer"},"content":{"rendered":"<div data-elementor-type=\"wp-page\" data-elementor-id=\"672\" class=\"elementor elementor-672\" data-elementor-post-type=\"page\">\n\t\t\t\t<div class=\"elementor-element elementor-element-9d1f36c e-flex e-con-boxed e-con e-parent\" data-id=\"9d1f36c\" data-element_type=\"container\" data-e-type=\"container\" data-settings=\"{&quot;background_background&quot;:&quot;classic&quot;}\">\n\t\t\t\t\t<div class=\"e-con-inner\">\n\t\t\t\t<div class=\"elementor-element elementor-element-8046270 elementor-widget elementor-widget-heading\" data-id=\"8046270\" data-element_type=\"widget\" data-e-type=\"widget\" data-widget_type=\"heading.default\">\n\t\t\t\t<div class=\"elementor-widget-container\">\n\t\t\t\t\t<h1 class=\"elementor-heading-title elementor-size-default\">Disclaimer<\/h1>\t\t\t\t<\/div>\n\t\t\t\t<\/div>\n\t\t\t\t<div class=\"elementor-element elementor-element-66c63af elementor-icon-list--layout-inline elementor-list-item-link-full_width elementor-widget elementor-widget-icon-list\" data-id=\"66c63af\" data-element_type=\"widget\" data-e-type=\"widget\" data-widget_type=\"icon-list.default\">\n\t\t\t\t<div class=\"elementor-widget-container\">\n\t\t\t\t\t\t\t<ul class=\"elementor-icon-list-items elementor-inline-items\">\n\t\t\t\t\t\t\t<li class=\"elementor-icon-list-item elementor-inline-item\">\n\t\t\t\t\t\t\t\t\t\t\t<a href=\"https:\/\/thebitcoinsynergy.de\/it\/\">\n\n\t\t\t\t\t\t\t\t\t\t\t\t<span class=\"elementor-icon-list-icon\">\n\t\t\t\t\t\t\t<svg aria-hidden=\"true\" class=\"e-font-icon-svg e-fas-circle\" viewbox=\"0 0 512 512\" xmlns=\"http:\/\/www.w3.org\/2000\/svg\"><path d=\"M256 8C119 8 8 119 8 256s111 248 248 248 248-111 248-248S393 8 256 8z\"><\/path><\/svg>\t\t\t\t\t\t<\/span>\n\t\t\t\t\t\t\t\t\t\t<span class=\"elementor-icon-list-text\">Casa<\/span>\n\t\t\t\t\t\t\t\t\t\t\t<\/a>\n\t\t\t\t\t\t\t\t\t<\/li>\n\t\t\t\t\t\t\t\t<li class=\"elementor-icon-list-item elementor-inline-item\">\n\t\t\t\t\t\t\t\t\t\t\t<span class=\"elementor-icon-list-icon\">\n\t\t\t\t\t\t\t<svg aria-hidden=\"true\" class=\"e-font-icon-svg e-fas-circle\" viewbox=\"0 0 512 512\" xmlns=\"http:\/\/www.w3.org\/2000\/svg\"><path d=\"M256 8C119 8 8 119 8 256s111 248 248 248 248-111 248-248S393 8 256 8z\"><\/path><\/svg>\t\t\t\t\t\t<\/span>\n\t\t\t\t\t\t\t\t\t\t<span class=\"elementor-icon-list-text\">Disclaimer<\/span>\n\t\t\t\t\t\t\t\t\t<\/li>\n\t\t\t\t\t\t<\/ul>\n\t\t\t\t\t\t<\/div>\n\t\t\t\t<\/div>\n\t\t\t\t\t<\/div>\n\t\t\t\t<\/div>\n\t\t<div class=\"elementor-element elementor-element-9a01b1b e-flex e-con-boxed e-con e-parent\" data-id=\"9a01b1b\" data-element_type=\"container\" data-e-type=\"container\" data-settings=\"{&quot;background_background&quot;:&quot;classic&quot;}\">\n\t\t\t\t\t<div class=\"e-con-inner\">\n\t\t\t\t<div class=\"elementor-element elementor-element-8c04e1c elementor-widget elementor-widget-text-editor\" data-id=\"8c04e1c\" data-element_type=\"widget\" data-e-type=\"widget\" data-widget_type=\"text-editor.default\">\n\t\t\t\t<div class=\"elementor-widget-container\">\n\t\t\t\t\t\t\t\t\t<p>Il di <strong>Bitcoin Synergy<\/strong>Le informazioni fornite su questo sito web da , dalle sue societ\u00e0 affiliate, dai suoi collaboratori, autori o partner (collettivamente \"noi\", \"ci\" o \"nostro\") hanno esclusivamente scopo informativo e didattico generale.<\/p>\t\t\t\t\t\t\t\t<\/div>\n\t\t\t\t<\/div>\n\t\t\t\t<div class=\"elementor-element elementor-element-7cbd1a0 elementor-widget elementor-widget-heading\" data-id=\"7cbd1a0\" data-element_type=\"widget\" data-e-type=\"widget\" data-widget_type=\"heading.default\">\n\t\t\t\t<div class=\"elementor-widget-container\">\n\t\t\t\t\t<h2 class=\"elementor-heading-title elementor-size-default\">Non \u00e8 un consiglio finanziario<\/h2>\t\t\t\t<\/div>\n\t\t\t\t<\/div>\n\t\t\t\t<div class=\"elementor-element elementor-element-1183e3c elementor-widget elementor-widget-text-editor\" data-id=\"1183e3c\" data-element_type=\"widget\" data-e-type=\"widget\" data-widget_type=\"text-editor.default\">\n\t\t\t\t<div class=\"elementor-widget-container\">\n\t\t\t\t\t\t\t\t\t<p>Il contenuto di questo sito web, inclusi, a titolo esemplificativo ma non esaustivo, articoli, video, analisi, dati di mercato, grafici, segnali, strumenti e materiali di formazione, non costituisce consulenza finanziaria, di investimento, legale, fiscale o di altro tipo. Nulla di quanto contenuto in questo sito web costituisce una raccomandazione, una sollecitazione, un'offerta o un'approvazione ad acquistare, vendere, detenere o negoziare strumenti finanziari, titoli, materie prime, valute, asset digitali o prodotti di investimento.<\/p>\t\t\t\t\t\t\t\t<\/div>\n\t\t\t\t<\/div>\n\t\t\t\t<div class=\"elementor-element elementor-element-5240b87 elementor-widget elementor-widget-heading\" data-id=\"5240b87\" data-element_type=\"widget\" data-e-type=\"widget\" data-widget_type=\"heading.default\">\n\t\t\t\t<div class=\"elementor-widget-container\">\n\t\t\t\t\t<h2 class=\"elementor-heading-title elementor-size-default\">Conferma del rischio<\/h2>\t\t\t\t<\/div>\n\t\t\t\t<\/div>\n\t\t\t\t<div class=\"elementor-element elementor-element-61f6684 elementor-widget elementor-widget-text-editor\" data-id=\"61f6684\" data-element_type=\"widget\" data-e-type=\"widget\" data-widget_type=\"text-editor.default\">\n\t\t\t\t<div class=\"elementor-widget-container\">\n\t\t\t\t\t\t\t\t\t<p>Il trading sui mercati finanziari, inclusi cambi valutari (FX), contratti per differenza (CFD), criptovalute, azioni, indici e altri derivati, comporta rischi sostanziali e non \u00e8 adatto a tutti gli investitori. Le performance passate non sono indicative di quelle future. Si consiglia di valutare attentamente la propria situazione finanziaria e la propensione al rischio prima di iniziare a fare trading o investire.<\/p>\t\t\t\t\t\t\t\t<\/div>\n\t\t\t\t<\/div>\n\t\t\t\t<div class=\"elementor-element elementor-element-eff8dfb elementor-widget elementor-widget-heading\" data-id=\"eff8dfb\" data-element_type=\"widget\" data-e-type=\"widget\" data-widget_type=\"heading.default\">\n\t\t\t\t<div class=\"elementor-widget-container\">\n\t\t\t\t\t<h2 class=\"elementor-heading-title elementor-size-default\">Nessuna responsabilit\u00e0<\/h2>\t\t\t\t<\/div>\n\t\t\t\t<\/div>\n\t\t\t\t<div class=\"elementor-element elementor-element-dcb3bbf elementor-widget elementor-widget-text-editor\" data-id=\"dcb3bbf\" data-element_type=\"widget\" data-e-type=\"widget\" data-widget_type=\"text-editor.default\">\n\t\t\t\t<div class=\"elementor-widget-container\">\n\t\t\t\t\t\t\t\t\t<p>Non ci assumiamo alcuna responsabilit\u00e0 per l'accuratezza, l'affidabilit\u00e0, la tempestivit\u00e0, la completezza o l'idoneit\u00e0 delle informazioni contenute in questo sito web. Utilizzando questo sito web, l'utente accetta espressamente quanto segue:<\/p><ul><li><strong>Bitcoin Synergy<\/strong>, i suoi proprietari, dipendenti, appaltatori, funzionari e partner non sono responsabili per alcuna perdita, danno, costo o spesa derivante direttamente o indirettamente dall'utilizzo di questo sito web o dall'affidamento sul suo contenuto;<\/li><li>Sei pienamente responsabile delle tue decisioni, transazioni, strategie e dei loro risultati.<\/li><\/ul>\t\t\t\t\t\t\t\t<\/div>\n\t\t\t\t<\/div>\n\t\t\t\t<div class=\"elementor-element elementor-element-a5d0a8c elementor-widget elementor-widget-heading\" data-id=\"a5d0a8c\" data-element_type=\"widget\" data-e-type=\"widget\" data-widget_type=\"heading.default\">\n\t\t\t\t<div class=\"elementor-widget-container\">\n\t\t\t\t\t<h2 class=\"elementor-heading-title elementor-size-default\">Revisione indipendente<\/h2>\t\t\t\t<\/div>\n\t\t\t\t<\/div>\n\t\t\t\t<div class=\"elementor-element elementor-element-aaee57a elementor-widget elementor-widget-text-editor\" data-id=\"aaee57a\" data-element_type=\"widget\" data-e-type=\"widget\" data-widget_type=\"text-editor.default\">\n\t\t\t\t<div class=\"elementor-widget-container\">\n\t\t\t\t\t\t\t\t\t<p>Dovresti verificare in modo indipendente tutte le informazioni prima di intraprendere qualsiasi azione sulla base di esse. Questo potrebbe includere la consulenza di un esperto finanziario, fiscale o legale qualificato.<\/p>\t\t\t\t\t\t\t\t<\/div>\n\t\t\t\t<\/div>\n\t\t\t\t<div class=\"elementor-element elementor-element-7c817ce elementor-widget elementor-widget-heading\" data-id=\"7c817ce\" data-element_type=\"widget\" data-e-type=\"widget\" data-widget_type=\"heading.default\">\n\t\t\t\t<div class=\"elementor-widget-container\">\n\t\t\t\t\t<h2 class=\"elementor-heading-title elementor-size-default\">Nessuna garanzia<\/h2>\t\t\t\t<\/div>\n\t\t\t\t<\/div>\n\t\t\t\t<div class=\"elementor-element elementor-element-29dc49f elementor-widget elementor-widget-text-editor\" data-id=\"29dc49f\" data-element_type=\"widget\" data-e-type=\"widget\" data-widget_type=\"text-editor.default\">\n\t\t\t\t<div class=\"elementor-widget-container\">\n\t\t\t\t\t\t\t\t\t<p>Non forniamo alcuna garanzia in merito ai profitti, all'accuratezza dei dati, alla completezza dei contenuti o all'accesso ininterrotto al sito web. Potrebbero verificarsi problemi tecnici, errori, omissioni e informazioni obsolete.<\/p>\t\t\t\t\t\t\t\t<\/div>\n\t\t\t\t<\/div>\n\t\t\t\t<div class=\"elementor-element elementor-element-5dd2341 elementor-widget elementor-widget-heading\" data-id=\"5dd2341\" data-element_type=\"widget\" data-e-type=\"widget\" data-widget_type=\"heading.default\">\n\t\t\t\t<div class=\"elementor-widget-container\">\n\t\t\t\t\t<h2 class=\"elementor-heading-title elementor-size-default\">Link esterni<\/h2>\t\t\t\t<\/div>\n\t\t\t\t<\/div>\n\t\t\t\t<div class=\"elementor-element elementor-element-12d0dcc elementor-widget elementor-widget-text-editor\" data-id=\"12d0dcc\" data-element_type=\"widget\" data-e-type=\"widget\" data-widget_type=\"text-editor.default\">\n\t\t\t\t<div class=\"elementor-widget-container\">\n\t\t\t\t\t\t\t\t\t<p><strong>Bitcoin Synergy<\/strong> Potremmo fornire link a siti web, strumenti o servizi di terze parti (\"Siti Esterni\"). Questi link sono forniti esclusivamente per comodit\u00e0 dell'utente. Non ci assumiamo alcuna responsabilit\u00e0 per il contenuto, l'accuratezza o le pratiche dei Siti Esterni.<\/p>\t\t\t\t\t\t\t\t<\/div>\n\t\t\t\t<\/div>\n\t\t\t\t<div class=\"elementor-element elementor-element-123b0a4 elementor-widget elementor-widget-heading\" data-id=\"123b0a4\" data-element_type=\"widget\" data-e-type=\"widget\" data-widget_type=\"heading.default\">\n\t\t\t\t<div class=\"elementor-widget-container\">\n\t\t\t\t\t<h2 class=\"elementor-heading-title elementor-size-default\">La tua responsabilit\u00e0<\/h2>\t\t\t\t<\/div>\n\t\t\t\t<\/div>\n\t\t\t\t<div class=\"elementor-element elementor-element-64e4fb1 elementor-widget elementor-widget-text-editor\" data-id=\"64e4fb1\" data-element_type=\"widget\" data-e-type=\"widget\" data-widget_type=\"text-editor.default\">\n\t\t\t\t<div class=\"elementor-widget-container\">\n\t\t\t\t\t\t\t\t\t<p>Accedendo o utilizzando questo sito web, accetti di prendere tutte le decisioni di investimento a tuo rischio e pericolo. Esoneri espressamente thebitcoinsynergy.de da qualsiasi responsabilit\u00e0 per eventuali perdite o danni diretti o indiretti che potresti subire.<br \/><br \/>Se non sei d'accordo con una qualsiasi parte di questa esclusione di responsabilit\u00e0, devi interrompere immediatamente l'utilizzo di questo sito web.<\/p>\t\t\t\t\t\t\t\t<\/div>\n\t\t\t\t<\/div>\n\t\t\t\t\t<\/div>\n\t\t\t\t<\/div>\n\t\t\t\t<\/div>","protected":false},"excerpt":{"rendered":"<p>Haftungsausschluss Heim Haftungsausschluss Die von Bitcoin Synergy, seinen verbundenen Unternehmen, Mitwirkenden, Autoren oder Partnern (zusammen \u201ewir\u201c, \u201euns\u201c oder \u201eunser\u201c) auf dieser Website bereitgestellten Informationen dienen ausschlie\u00dflich allgemeinen Informations- und Bildungszwecken. Keine Finanzberatung Die Inhalte dieser Website \u2013 einschlie\u00dflich, aber nicht beschr\u00e4nkt auf Artikel, Videos, Analysen, Marktdaten, Charts, Signale, Tools und Schulungsmaterialien \u2013 stellen keine Finanz-, [&hellip;]<\/p>\n","protected":false},"author":1,"featured_media":0,"parent":0,"menu_order":0,"comment_status":"closed","ping_status":"closed","template":"elementor_header_footer","meta":{"footnotes":""},"class_list":["post-672","page","type-page","status-publish","hentry"],"_links":{"self":[{"href":"https:\/\/thebitcoinsynergy.de\/it\/wp-json\/wp\/v2\/pages\/672","targetHints":{"allow":["GET"]}}],"collection":[{"href":"https:\/\/thebitcoinsynergy.de\/it\/wp-json\/wp\/v2\/pages"}],"about":[{"href":"https:\/\/thebitcoinsynergy.de\/it\/wp-json\/wp\/v2\/types\/page"}],"author":[{"embeddable":true,"href":"https:\/\/thebitcoinsynergy.de\/it\/wp-json\/wp\/v2\/users\/1"}],"replies":[{"embeddable":true,"href":"https:\/\/thebitcoinsynergy.de\/it\/wp-json\/wp\/v2\/comments?post=672"}],"version-history":[{"count":0,"href":"https:\/\/thebitcoinsynergy.de\/it\/wp-json\/wp\/v2\/pages\/672\/revisions"}],"wp:attachment":[{"href":"https:\/\/thebitcoinsynergy.de\/it\/wp-json\/wp\/v2\/media?parent=672"}],"curies":[{"name":"wp","href":"https:\/\/api.w.org\/{rel}","templated":true}]}}