{"id":22,"date":"2025-06-11T05:24:09","date_gmt":"2025-06-11T05:24:09","guid":{"rendered":"https:\/\/thebitcoinsynergy.de\/?page_id=22"},"modified":"2025-07-23T11:22:57","modified_gmt":"2025-07-23T11:22:57","slug":"%e3%81%82%e3%82%8a%e3%81%8c%e3%81%a8%e3%81%86-2","status":"publish","type":"page","link":"https:\/\/thebitcoinsynergy.de\/ja\/danke\/","title":{"rendered":"Danke"},"content":{"rendered":"<div data-elementor-type=\"wp-page\" data-elementor-id=\"22\" class=\"elementor elementor-22\" data-elementor-post-type=\"page\">\n\t\t\t\t<div class=\"elementor-element elementor-element-a0efe6c e-flex e-con-boxed e-con e-parent\" data-id=\"a0efe6c\" data-element_type=\"container\" data-e-type=\"container\" data-settings=\"{&quot;background_background&quot;:&quot;video&quot;,&quot;background_video_link&quot;:&quot;https:\\\/\\\/thebitcoinsynergy.de\\\/wp-content\\\/uploads\\\/2025\\\/06\\\/file.mp4&quot;,&quot;background_play_on_mobile&quot;:&quot;yes&quot;}\">\n\t\t\t\t\t<div class=\"e-con-inner\">\n\t\t<div class=\"elementor-background-video-container\">\n\t\t\t\t\t\t\t<video class=\"elementor-background-video-hosted\" role=\"presentation\" autoplay muted playsinline loop><\/video>\n\t\t\t\t\t<\/div>\t\t<div class=\"elementor-element elementor-element-305ce71 elementor-widget elementor-widget-heading\" data-id=\"305ce71\" data-element_type=\"widget\" data-e-type=\"widget\" data-widget_type=\"heading.default\">\n\t\t\t\t<div class=\"elementor-widget-container\">\n\t\t\t\t\t<h2 class=\"elementor-heading-title elementor-size-default\">\u3054\u767b\u9332\u3042\u308a\u304c\u3068\u3046\u3054\u3056\u3044\u307e\u3059\uff01<\/h2>\t\t\t\t<\/div>\n\t\t\t\t<\/div>\n\t\t\t\t<div class=\"elementor-element elementor-element-7b3c2bd elementor-widget elementor-widget-text-editor\" data-id=\"7b3c2bd\" data-element_type=\"widget\" data-e-type=\"widget\" data-widget_type=\"text-editor.default\">\n\t\t\t\t<div class=\"elementor-widget-container\">\n\t\t\t\t\t\t\t\t\t<p>\u7686\u69d8\u306e\u304a\u8d8a\u3057\u3092\u304a\u5f85\u3061\u3057\u3066\u304a\u308a\u307e\u3059\uff01\u6700\u9ad8\u306e\u30b5\u30fc\u30d3\u30b9\u3092\u3054\u63d0\u4f9b\u3059\u308b\u305f\u3081\u306b\u3001\u304a\u96fb\u8a71\u3067\u306e\u3054\u9023\u7d61\u3092\u304a\u9858\u3044\u3044\u305f\u3057\u307e\u3059\u3002\u3054\u767b\u9332\u5185\u5bb9\u306e\u78ba\u8a8d\u3084\u3001\u8a73\u3057\u3044\u60c5\u5831\u306e\u3054\u63d0\u4f9b\u306e\u305f\u3081\u3001\u3054\u9023\u7d61\u3055\u305b\u3066\u3044\u305f\u3060\u304f\u5834\u5408\u304c\u3054\u3056\u3044\u307e\u3059\u3002<\/p><p>\u3054\u8cea\u554f\u3084\u3054\u4e0d\u660e\u306a\u70b9\u304c\u3054\u3056\u3044\u307e\u3057\u305f\u3089\u3001\u8fd1\u65e5\u4e2d\u306b\u3054\u9023\u7d61\u3044\u305f\u3057\u307e\u3059\u3002\u3054\u53c2\u52a0\u3044\u305f\u3060\u304d\u3042\u308a\u304c\u3068\u3046\u3054\u3056\u3044\u307e\u3059\u3002\u7686\u69d8\u306b\u7d20\u6674\u3089\u3057\u3044\u4f53\u9a13\u3092\u3054\u63d0\u4f9b\u3067\u304d\u308b\u3088\u3046\u52aa\u3081\u3066\u307e\u3044\u308a\u307e\u3059\u3002<\/p><p>\u3054\u767b\u9332\u3042\u308a\u304c\u3068\u3046\u3054\u3056\u3044\u307e\u3059\u3002\u3054\u9023\u7d61\u3092\u304a\u5f85\u3061\u3057\u3066\u304a\u308a\u307e\u3059\u3002<\/p>\t\t\t\t\t\t\t\t<\/div>\n\t\t\t\t<\/div>\n\t\t\t\t<div class=\"elementor-element elementor-element-a3042d0 elementor-widget elementor-widget-button\" data-id=\"a3042d0\" data-element_type=\"widget\" data-e-type=\"widget\" data-widget_type=\"button.default\">\n\t\t\t\t<div class=\"elementor-widget-container\">\n\t\t\t\t\t\t\t\t\t<div class=\"elementor-button-wrapper\">\n\t\t\t\t\t<a class=\"elementor-button elementor-button-link elementor-size-sm\" href=\"https:\/\/thebitcoinsynergy.de\/ja\">\n\t\t\t\t\t\t<span class=\"elementor-button-content-wrapper\">\n\t\t\t\t\t\t\t\t\t<span class=\"elementor-button-text\">\u30db\u30fc\u30e0\u30da\u30fc\u30b8\u306b\u623b\u308b<\/span>\n\t\t\t\t\t<\/span>\n\t\t\t\t\t<\/a>\n\t\t\t\t<\/div>\n\t\t\t\t\t\t\t\t<\/div>\n\t\t\t\t<\/div>\n\t\t\t\t\t<\/div>\n\t\t\t\t<\/div>\n\t\t\t\t<\/div>","protected":false},"excerpt":{"rendered":"<p>Vielen Dank f\u00fcr Ihre Anmeldung! Wir freuen uns, Sie bei uns begr\u00fc\u00dfen zu d\u00fcrfen! Um Ihnen den bestm\u00f6glichen Service bieten zu k\u00f6nnen, bitten wir Sie, telefonisch erreichbar zu sein. M\u00f6glicherweise m\u00fcssen wir Sie kontaktieren, um weitere Informationen zu erhalten oder Ihre Registrierungsdaten zu besprechen. Wir melden uns in K\u00fcrze bei Ihnen, um Ihre Fragen oder Anliegen zu beantworten. Wir sch\u00e4tzen Ihre Teilnahme und m\u00f6chten Ihnen ein au\u00dfergew\u00f6hnliches Erlebnis bieten. Vielen Dank f\u00fcr Ihre Registrierung. Wir freuen uns darauf, bald mit Ihnen zu sprechen! Zur\u00fcck zur Startseite<\/p>","protected":false},"author":1,"featured_media":0,"parent":0,"menu_order":0,"comment_status":"closed","ping_status":"closed","template":"elementor_header_footer","meta":{"footnotes":""},"class_list":["post-22","page","type-page","status-publish","hentry"],"_links":{"self":[{"href":"https:\/\/thebitcoinsynergy.de\/ja\/wp-json\/wp\/v2\/pages\/22","targetHints":{"allow":["GET"]}}],"collection":[{"href":"https:\/\/thebitcoinsynergy.de\/ja\/wp-json\/wp\/v2\/pages"}],"about":[{"href":"https:\/\/thebitcoinsynergy.de\/ja\/wp-json\/wp\/v2\/types\/page"}],"author":[{"embeddable":true,"href":"https:\/\/thebitcoinsynergy.de\/ja\/wp-json\/wp\/v2\/users\/1"}],"replies":[{"embeddable":true,"href":"https:\/\/thebitcoinsynergy.de\/ja\/wp-json\/wp\/v2\/comments?post=22"}],"version-history":[{"count":0,"href":"https:\/\/thebitcoinsynergy.de\/ja\/wp-json\/wp\/v2\/pages\/22\/revisions"}],"wp:attachment":[{"href":"https:\/\/thebitcoinsynergy.de\/ja\/wp-json\/wp\/v2\/media?parent=22"}],"curies":[{"name":"wp","href":"https:\/\/api.w.org\/{rel}","templated":true}]}}